{"id":714,"date":"2016-04-15T17:13:13","date_gmt":"2016-04-15T08:13:13","guid":{"rendered":"http:\/\/www.tagame.org\/enews\/?page_id=714"},"modified":"2025-04-04T13:31:05","modified_gmt":"2025-04-04T04:31:05","slug":"french-book","status":"publish","type":"page","link":"https:\/\/www.tagame.org\/enews\/sample-page\/french-book\/","title":{"rendered":"French Books"},"content":{"rendered":"<p><div id=\"attachment_2134\" style=\"width: 224px\" class=\"wp-caption alignnone\"><a href=\"https:\/\/www.tagame.org\/enews\/sample-page\/french-book\/fleur-dargent-fra\/\"><img loading=\"lazy\" decoding=\"async\" aria-describedby=\"caption-attachment-2134\" src=\"https:\/\/www.tagame.org\/enews\/wp-content\/uploads\/2025\/04\/shirogane-france-cover1-214x300.jpg\" alt=\"\" width=\"214\" height=\"300\" class=\"size-medium wp-image-2134\" srcset=\"https:\/\/www.tagame.org\/enews\/wp-content\/uploads\/2025\/04\/shirogane-france-cover1-214x300.jpg 214w, https:\/\/www.tagame.org\/enews\/wp-content\/uploads\/2025\/04\/shirogane-france-cover1-427x600.jpg 427w, https:\/\/www.tagame.org\/enews\/wp-content\/uploads\/2025\/04\/shirogane-france-cover1-768x1079.jpg 768w, https:\/\/www.tagame.org\/enews\/wp-content\/uploads\/2025\/04\/shirogane-france-cover1-624x877.jpg 624w, https:\/\/www.tagame.org\/enews\/wp-content\/uploads\/2025\/04\/shirogane-france-cover1.jpg 800w\" sizes=\"auto, (max-width: 214px) 100vw, 214px\" \/><p id=\"caption-attachment-2134\" class=\"wp-caption-text\">Fleur d\u2019argent (FRA)<\/a><\/p><\/div><br \/>\n<div id=\"attachment_2060\" style=\"width: 221px\" class=\"wp-caption alignnone\"><a href=\"https:\/\/www.tagame.org\/enews\/sample-page\/french-book\/nos-rendez-vous-gourmands-fra\/\"><img loading=\"lazy\" decoding=\"async\" aria-describedby=\"caption-attachment-2060\" src=\"https:\/\/www.tagame.org\/enews\/wp-content\/uploads\/2024\/06\/uotomizu-fra-book-211x300.jpg\" alt=\"\" width=\"211\" height=\"300\" class=\"size-medium wp-image-2060\" srcset=\"https:\/\/www.tagame.org\/enews\/wp-content\/uploads\/2024\/06\/uotomizu-fra-book-211x300.jpg 211w, https:\/\/www.tagame.org\/enews\/wp-content\/uploads\/2024\/06\/uotomizu-fra-book.jpg 368w\" sizes=\"auto, (max-width: 211px) 100vw, 211px\" \/><p id=\"caption-attachment-2060\" class=\"wp-caption-text\">Nos rendez-vous gourmands (FRA)<\/a><\/p><\/div><br \/>\n<div id=\"attachment_2019\" style=\"width: 224px\" class=\"wp-caption alignnone\"><a href=\"https:\/\/www.tagame.org\/enews\/sample-page\/french-book\/desirs-bruts-fra\/\"><img loading=\"lazy\" decoding=\"async\" aria-describedby=\"caption-attachment-2019\" src=\"https:\/\/www.tagame.org\/enews\/wp-content\/uploads\/2024\/03\/61kYka-RpL._SY522_-214x300.jpg\" alt=\"\" width=\"214\" height=\"300\" class=\"size-medium wp-image-2019\" srcset=\"https:\/\/www.tagame.org\/enews\/wp-content\/uploads\/2024\/03\/61kYka-RpL._SY522_-214x300.jpg 214w, https:\/\/www.tagame.org\/enews\/wp-content\/uploads\/2024\/03\/61kYka-RpL._SY522_.jpg 372w\" sizes=\"auto, (max-width: 214px) 100vw, 214px\" \/><p id=\"caption-attachment-2019\" class=\"wp-caption-text\">D\u00e9sirs Bruts (FRA)<\/a><\/p><\/div><br \/>\n<div id=\"attachment_1825\" style=\"width: 221px\" class=\"wp-caption alignnone\"><a href=\"https:\/\/www.tagame.org\/enews\/sample-page\/french-book\/house-of-brutes-fra\/\"><img loading=\"lazy\" decoding=\"async\" aria-describedby=\"caption-attachment-1825\" src=\"https:\/\/www.tagame.org\/enews\/wp-content\/uploads\/2021\/09\/cover-211x300.jpg\" alt=\"\" width=\"211\" height=\"300\" class=\"size-medium wp-image-1825\" srcset=\"https:\/\/www.tagame.org\/enews\/wp-content\/uploads\/2021\/09\/cover-211x300.jpg 211w, https:\/\/www.tagame.org\/enews\/wp-content\/uploads\/2021\/09\/cover-423x600.jpg 423w, https:\/\/www.tagame.org\/enews\/wp-content\/uploads\/2021\/09\/cover-768x1090.jpg 768w, https:\/\/www.tagame.org\/enews\/wp-content\/uploads\/2021\/09\/cover-624x885.jpg 624w, https:\/\/www.tagame.org\/enews\/wp-content\/uploads\/2021\/09\/cover.jpg 800w\" sizes=\"auto, (max-width: 211px) 100vw, 211px\" \/><p id=\"caption-attachment-1825\" class=\"wp-caption-text\">House of Brutes (FRA)<\/a><\/p><\/div><br \/>\n<div id=\"attachment_1700\" style=\"width: 222px\" class=\"wp-caption alignnone\"><a href=\"https:\/\/www.tagame.org\/enews\/sample-page\/french-book\/our-colorful-days-fra\/\"><img loading=\"lazy\" decoding=\"async\" aria-describedby=\"caption-attachment-1700\" src=\"https:\/\/www.tagame.org\/enews\/wp-content\/uploads\/2020\/10\/colorful-days-1-212x300.jpg\" alt=\"\" width=\"212\" height=\"300\" class=\"size-medium wp-image-1700\" srcset=\"https:\/\/www.tagame.org\/enews\/wp-content\/uploads\/2020\/10\/colorful-days-1-212x300.jpg 212w, https:\/\/www.tagame.org\/enews\/wp-content\/uploads\/2020\/10\/colorful-days-1.jpg 353w\" sizes=\"auto, (max-width: 212px) 100vw, 212px\" \/><p id=\"caption-attachment-1700\" class=\"wp-caption-text\">Our Colorful Days (FRA)<\/a><\/p><\/div><br \/>\n<div id=\"attachment_1586\" style=\"width: 233px\" class=\"wp-caption alignnone\"><a href=\"https:\/\/www.tagame.org\/enews\/sample-page\/french-book\/ttbm-fra\/\"><img loading=\"lazy\" decoding=\"async\" aria-describedby=\"caption-attachment-1586\" src=\"https:\/\/www.tagame.org\/enews\/wp-content\/uploads\/2020\/04\/TTBM-223x300.jpg\" alt=\"\" width=\"223\" height=\"300\" class=\"size-medium wp-image-1586\" srcset=\"https:\/\/www.tagame.org\/enews\/wp-content\/uploads\/2020\/04\/TTBM-223x300.jpg 223w, https:\/\/www.tagame.org\/enews\/wp-content\/uploads\/2020\/04\/TTBM-447x600.jpg 447w, https:\/\/www.tagame.org\/enews\/wp-content\/uploads\/2020\/04\/TTBM-768x1032.jpg 768w, https:\/\/www.tagame.org\/enews\/wp-content\/uploads\/2020\/04\/TTBM-624x839.jpg 624w, https:\/\/www.tagame.org\/enews\/wp-content\/uploads\/2020\/04\/TTBM.jpg 800w\" sizes=\"auto, (max-width: 223px) 100vw, 223px\" \/><p id=\"caption-attachment-1586\" class=\"wp-caption-text\">TTBM &#8211; La Compilation de BD gay Tr\u00e8s Tr\u00e8s Bien Mont\u00e9e (FRA)<\/a><\/p><\/div><br \/>\n<div id=\"attachment_895\" style=\"width: 222px\" class=\"wp-caption alignnone\"><a href=\"https:\/\/www.tagame.org\/enews\/sample-page\/french-book\/le-mari-de-mon-frere-fra\/\"><img loading=\"lazy\" decoding=\"async\" aria-describedby=\"caption-attachment-895\" src=\"https:\/\/www.tagame.org\/enews\/wp-content\/uploads\/2017\/02\/51PbdYH7xzL-212x300.jpg\" alt=\"\" width=\"212\" height=\"300\" class=\"size-medium wp-image-895\" srcset=\"https:\/\/www.tagame.org\/enews\/wp-content\/uploads\/2017\/02\/51PbdYH7xzL-212x300.jpg 212w, https:\/\/www.tagame.org\/enews\/wp-content\/uploads\/2017\/02\/51PbdYH7xzL.jpg 353w\" sizes=\"auto, (max-width: 212px) 100vw, 212px\" \/><p id=\"caption-attachment-895\" class=\"wp-caption-text\">Le mari de mon fr\u00e8re (FRA)<\/a><\/p><\/div><br \/>\n<a href=\"https:\/\/www.tagame.org\/enews\/sample-page\/french-book\/virtus-fra\/\"><div id=\"attachment_70\" style=\"width: 218px\" class=\"wp-caption alignnone\"><img loading=\"lazy\" decoding=\"async\" aria-describedby=\"caption-attachment-70\" src=\"https:\/\/www.tagame.org\/enews\/wp-content\/uploads\/2014\/04\/virtus_cover_fra-208x300.jpg\" alt=\"Virtus (FRA)\" width=\"208\" height=\"300\" class=\"size-medium wp-image-70\" srcset=\"https:\/\/www.tagame.org\/enews\/wp-content\/uploads\/2014\/04\/virtus_cover_fra-208x300.jpg 208w, https:\/\/www.tagame.org\/enews\/wp-content\/uploads\/2014\/04\/virtus_cover_fra-104x150.jpg 104w, https:\/\/www.tagame.org\/enews\/wp-content\/uploads\/2014\/04\/virtus_cover_fra.jpg 300w\" sizes=\"auto, (max-width: 208px) 100vw, 208px\" \/><p id=\"caption-attachment-70\" class=\"wp-caption-text\">Virtus (FRA)<\/p><\/div><\/a><br \/>\n<div id=\"attachment_56\" style=\"width: 210px\" class=\"wp-caption alignnone\"><a href=\"https:\/\/www.tagame.org\/enews\/sample-page\/french-book\/goku-fra\/\"><img loading=\"lazy\" decoding=\"async\" aria-describedby=\"caption-attachment-56\" src=\"https:\/\/www.tagame.org\/enews\/wp-content\/uploads\/2014\/04\/goku2.jpg\" alt=\"\" width=\"200\" height=\"285\" class=\"size-full wp-image-56\" srcset=\"https:\/\/www.tagame.org\/enews\/wp-content\/uploads\/2014\/04\/goku2.jpg 200w, https:\/\/www.tagame.org\/enews\/wp-content\/uploads\/2014\/04\/goku2-105x150.jpg 105w\" sizes=\"auto, (max-width: 200px) 100vw, 200px\" \/><p id=\"caption-attachment-56\" class=\"wp-caption-text\">Goku (FRA)<\/a><\/p><\/div><br \/>\n<div id=\"attachment_1256\" style=\"width: 210px\" class=\"wp-caption alignnone\"><a href=\"http:\/\/www.tagame.org\/shop\/contents\/arena-f.html\"><img loading=\"lazy\" decoding=\"async\" aria-describedby=\"caption-attachment-1256\" src=\"https:\/\/www.tagame.org\/enews\/wp-content\/uploads\/2019\/04\/arena-f-cover.jpg\" alt=\"\" width=\"200\" height=\"284\" class=\"size-full wp-image-1256\" \/><p id=\"caption-attachment-1256\" class=\"wp-caption-text\">Arena (FRA)<\/a><\/p><\/div><br \/>\n<div id=\"attachment_1257\" style=\"width: 210px\" class=\"wp-caption alignnone\"><a href=\"http:\/\/www.tagame.org\/shop\/contents\/gunji-f.html\"><img loading=\"lazy\" decoding=\"async\" aria-describedby=\"caption-attachment-1257\" src=\"https:\/\/www.tagame.org\/enews\/wp-content\/uploads\/2019\/04\/gunji-f-cover.jpg\" alt=\"\" width=\"200\" height=\"284\" class=\"size-full wp-image-1257\" \/><p id=\"caption-attachment-1257\" class=\"wp-caption-text\">Gunji (FRA)<\/a><\/p><\/div><\/p>\n","protected":false},"excerpt":{"rendered":"","protected":false},"author":1,"featured_media":0,"parent":2,"menu_order":0,"comment_status":"closed","ping_status":"closed","template":"","meta":{"footnotes":""},"class_list":["post-714","page","type-page","status-publish","hentry"],"aioseo_notices":[],"_links":{"self":[{"href":"https:\/\/www.tagame.org\/enews\/wp-json\/wp\/v2\/pages\/714","targetHints":{"allow":["GET"]}}],"collection":[{"href":"https:\/\/www.tagame.org\/enews\/wp-json\/wp\/v2\/pages"}],"about":[{"href":"https:\/\/www.tagame.org\/enews\/wp-json\/wp\/v2\/types\/page"}],"author":[{"embeddable":true,"href":"https:\/\/www.tagame.org\/enews\/wp-json\/wp\/v2\/users\/1"}],"replies":[{"embeddable":true,"href":"https:\/\/www.tagame.org\/enews\/wp-json\/wp\/v2\/comments?post=714"}],"version-history":[{"count":15,"href":"https:\/\/www.tagame.org\/enews\/wp-json\/wp\/v2\/pages\/714\/revisions"}],"predecessor-version":[{"id":2141,"href":"https:\/\/www.tagame.org\/enews\/wp-json\/wp\/v2\/pages\/714\/revisions\/2141"}],"up":[{"embeddable":true,"href":"https:\/\/www.tagame.org\/enews\/wp-json\/wp\/v2\/pages\/2"}],"wp:attachment":[{"href":"https:\/\/www.tagame.org\/enews\/wp-json\/wp\/v2\/media?parent=714"}],"curies":[{"name":"wp","href":"https:\/\/api.w.org\/{rel}","templated":true}]}}