{"id":2139,"date":"2025-04-04T13:28:47","date_gmt":"2025-04-04T04:28:47","guid":{"rendered":"https:\/\/www.tagame.org\/enews\/?page_id=2139"},"modified":"2025-04-04T13:28:47","modified_gmt":"2025-04-04T04:28:47","slug":"fleur-dargent-fra","status":"publish","type":"page","link":"https:\/\/www.tagame.org\/enews\/sample-page\/french-book\/fleur-dargent-fra\/","title":{"rendered":"Fleur d&#8217;argent (FRA)"},"content":{"rendered":"<p><a href=\"https:\/\/www.tagame.org\/enews\/wp-content\/uploads\/2025\/04\/shirogane-france-cover1.jpg\" rel=\"lightbox[2139]\"><img loading=\"lazy\" decoding=\"async\" src=\"https:\/\/www.tagame.org\/enews\/wp-content\/uploads\/2025\/04\/shirogane-france-cover1-214x300.jpg\" alt=\"\" width=\"214\" height=\"300\" class=\"alignnone size-medium wp-image-2134\" srcset=\"https:\/\/www.tagame.org\/enews\/wp-content\/uploads\/2025\/04\/shirogane-france-cover1-214x300.jpg 214w, https:\/\/www.tagame.org\/enews\/wp-content\/uploads\/2025\/04\/shirogane-france-cover1-427x600.jpg 427w, https:\/\/www.tagame.org\/enews\/wp-content\/uploads\/2025\/04\/shirogane-france-cover1-768x1079.jpg 768w, https:\/\/www.tagame.org\/enews\/wp-content\/uploads\/2025\/04\/shirogane-france-cover1-624x877.jpg 624w, https:\/\/www.tagame.org\/enews\/wp-content\/uploads\/2025\/04\/shirogane-france-cover1.jpg 800w\" sizes=\"auto, (max-width: 214px) 100vw, 214px\" \/><\/a><\/p>\n<h2>Fleur d&#8217;argent<\/h2>\n<h3>French translated<\/h3>\n<p>Released on both of printed book and e-book editions.<\/p>\n<p>Epic gay BDSM erotic manga over 800 pages long. Serialized on Badi magazine Badi from 1994 to 1999.<\/p>\n<p>Set in Japan about 120 years ago, the story follows the manly owner of a fallen large store who is sold to a brothel, where he is subjected to brutal treatment by the ruthless owner and customers \u2013 raped, humiliated and tortured \u2013 and gradually awakens as a masochistic male prostitute.<\/p>\n<h3>volume 1<\/h3>\n<p>\u00c9diteur \u200f : \u200e Dynamite; Illustrated \u00e9dition (10 avril 2025)<br \/>\nLangue \u200f : \u200e Fran\u00e7ais<br \/>\nISBN-10 \u200f : \u200e 2382099127<br \/>\nISBN-13 \u200f : \u200e 978-2382099124<br \/>\nPoids de l\u2019article \u200f : \u200e 453 g<br \/>\nDimensions \u200f : \u200e 15.2 x 2.6 x 21.2 cm<\/p>\n<p><a href=\"https:\/\/amzn.eu\/d\/68bWTHz\" rel=\"noopener\" target=\"_blank\">Link to Amazon France<\/a><br \/>\n<a href=\"https:\/\/www.fnac.com\/a21142726\/Gengoro-Tagame-Fleur-d-argent\" rel=\"noopener\" target=\"_blank\">Link to FNAC<\/a><\/p>\n<p>Grandeur et d\u00e9cadence d&#8217;un esclave sexuel : le chef-d&#8217;\u0153uvre de Gengoroh Tagame !<\/p>\n<blockquote><p>Lecteur, contemple le triste destin de Ginjiro, homme jadis vantard et coureur devenu prostitu\u00e9 m\u00e2le pour rembourser ses dettes. Vendu pour trois sous aux gueux des bas-fonds, il satisfait d\u00e9sormais les d\u00e9sirs de ceux qu&#8217;il m\u00e9prisait lorsqu&#8217;il \u00e9tait en veine. Humili\u00e9, tortur\u00e9, abus\u00e9&#8230; Dans les bordels du vieux Tokyo, on apprend l&#8217;humilit\u00e9 \u00e0 la dure. Une histoire sans espoir ni morale, sinon celle-ci : toute arrogance se paie un jour !<\/p>\n<p>Avec Fleur d&#8217;Argent, Gengoroh Tagame plonge le lecteur dans le Tokyo du XIXe si\u00e8cle, o\u00f9 toute la soci\u00e9t\u00e9 japonaise se croise \u00e0 l&#8217;ombre des maisons closes. Un nouveau coup de g\u00e9nie sadomasochiste.<\/p><\/blockquote>\n","protected":false},"excerpt":{"rendered":"<p>Fleur d&#8217;argent French translated Released on both of printed book and e-book editions. Epic gay BDSM ero [&hellip;]<\/p>\n","protected":false},"author":1,"featured_media":0,"parent":714,"menu_order":0,"comment_status":"closed","ping_status":"closed","template":"","meta":{"footnotes":""},"class_list":["post-2139","page","type-page","status-publish","hentry"],"aioseo_notices":[],"_links":{"self":[{"href":"https:\/\/www.tagame.org\/enews\/wp-json\/wp\/v2\/pages\/2139","targetHints":{"allow":["GET"]}}],"collection":[{"href":"https:\/\/www.tagame.org\/enews\/wp-json\/wp\/v2\/pages"}],"about":[{"href":"https:\/\/www.tagame.org\/enews\/wp-json\/wp\/v2\/types\/page"}],"author":[{"embeddable":true,"href":"https:\/\/www.tagame.org\/enews\/wp-json\/wp\/v2\/users\/1"}],"replies":[{"embeddable":true,"href":"https:\/\/www.tagame.org\/enews\/wp-json\/wp\/v2\/comments?post=2139"}],"version-history":[{"count":1,"href":"https:\/\/www.tagame.org\/enews\/wp-json\/wp\/v2\/pages\/2139\/revisions"}],"predecessor-version":[{"id":2140,"href":"https:\/\/www.tagame.org\/enews\/wp-json\/wp\/v2\/pages\/2139\/revisions\/2140"}],"up":[{"embeddable":true,"href":"https:\/\/www.tagame.org\/enews\/wp-json\/wp\/v2\/pages\/714"}],"wp:attachment":[{"href":"https:\/\/www.tagame.org\/enews\/wp-json\/wp\/v2\/media?parent=2139"}],"curies":[{"name":"wp","href":"https:\/\/api.w.org\/{rel}","templated":true}]}}