{"id":2106,"date":"2024-11-15T20:21:10","date_gmt":"2024-11-15T11:21:10","guid":{"rendered":"https:\/\/www.tagame.org\/enews\/?page_id=2106"},"modified":"2024-11-15T20:21:10","modified_gmt":"2024-11-15T11:21:10","slug":"kolory-naszego-zycia","status":"publish","type":"page","link":"https:\/\/www.tagame.org\/enews\/sample-page\/polish-books\/kolory-naszego-zycia\/","title":{"rendered":"Kolory naszego \u017cycia"},"content":{"rendered":"<p><img loading=\"lazy\" decoding=\"async\" src=\"https:\/\/www.tagame.org\/enews\/wp-content\/uploads\/2024\/11\/trim-Bokura_no_shikisai_01_cover-420x600.jpg\" alt=\"\" width=\"420\" height=\"600\" class=\"alignnone size-large wp-image-2107\" srcset=\"https:\/\/www.tagame.org\/enews\/wp-content\/uploads\/2024\/11\/trim-Bokura_no_shikisai_01_cover-420x600.jpg 420w, https:\/\/www.tagame.org\/enews\/wp-content\/uploads\/2024\/11\/trim-Bokura_no_shikisai_01_cover-210x300.jpg 210w, https:\/\/www.tagame.org\/enews\/wp-content\/uploads\/2024\/11\/trim-Bokura_no_shikisai_01_cover-624x891.jpg 624w, https:\/\/www.tagame.org\/enews\/wp-content\/uploads\/2024\/11\/trim-Bokura_no_shikisai_01_cover.jpg 695w\" sizes=\"auto, (max-width: 420px) 100vw, 420px\" \/><\/p>\n<h2>Kolory naszego \u017cycia<\/h2>\n<h3>Polish translated edition<\/h3>\n<blockquote><p>Szesnastoletni Sora Itoda jest zakochany w koledze z klasy, Kencie Yoshioce, jednak swoj\u0105 orientacj\u0119 ukrywa jednak nawet przed przyjaci\u00f3\u0142k\u0105 z dzieci\u0144stwa. Pewnego dnia s\u0142yszy, jak inni uczniowie podle kpi\u0105 z mi\u0142o\u015bci mi\u0119dzy m\u0119\u017cczyznami, a Kenta reaguje na to \u015bmiechem. Sora doznaje szoku i wybiega ze szko\u0142y. Ucieka nad morze, gdzie usi\u0142uje zebra\u0107 my\u015bli&#8230; i tak poznaje ekscentrycznego w\u0142a\u015bciciela kawiarni, kt\u00f3ry otwarcie m\u00f3wi o tym, \u017ce jest gejem. Czy nowa znajomo\u015b\u0107 sprawi, \u017ce Sora b\u0119dzie mia\u0142 odwag\u0119 zawalczy\u0107 o siebie?<\/p><\/blockquote>\n<p>Gatunek : LGBT, obyczajowy\/okruchy \u017cycia, seinen, dramat, szkolne \u017cycie<br \/>\nLiczba tom\u00f3w : seria kr\u00f3tka (2-6)<br \/>\nRozmiar : powi\u0119kszony<br \/>\nFormat : A5<br \/>\nAutor : Tagame Gengoroh<br \/>\nWydawca : Studio JG<br \/>\nSeria : Kolory naszego \u017cycia<br \/>\nKategoria wiekowa : 14+<br \/>\nTytu\u0142 oryginalny : Bokura no Shikisai<br \/>\nStatus polskiego wydania : zako\u0144czona<br \/>\n<a href=\"https:\/\/studiojg.pl\/tytuly\/Kolory-naszego-zycia\/234137\" rel=\"noopener\" target=\"_blank\">https:\/\/studiojg.pl\/tytuly\/Kolory-naszego-zycia\/234137<\/a><br \/>\n<img loading=\"lazy\" decoding=\"async\" src=\"https:\/\/www.tagame.org\/enews\/wp-content\/uploads\/2024\/11\/trim-Bokura_no_shikisai_02_cover-420x600.jpg\" alt=\"\" width=\"420\" height=\"600\" class=\"alignnone size-large wp-image-2108\" srcset=\"https:\/\/www.tagame.org\/enews\/wp-content\/uploads\/2024\/11\/trim-Bokura_no_shikisai_02_cover-420x600.jpg 420w, https:\/\/www.tagame.org\/enews\/wp-content\/uploads\/2024\/11\/trim-Bokura_no_shikisai_02_cover-210x300.jpg 210w, https:\/\/www.tagame.org\/enews\/wp-content\/uploads\/2024\/11\/trim-Bokura_no_shikisai_02_cover-624x891.jpg 624w, https:\/\/www.tagame.org\/enews\/wp-content\/uploads\/2024\/11\/trim-Bokura_no_shikisai_02_cover.jpg 695w\" sizes=\"auto, (max-width: 420px) 100vw, 420px\" \/><img loading=\"lazy\" decoding=\"async\" src=\"https:\/\/www.tagame.org\/enews\/wp-content\/uploads\/2024\/11\/trim-Bokura_no_shikisai_03_cover-420x600.jpg\" alt=\"\" width=\"420\" height=\"600\" class=\"alignnone size-large wp-image-2109\" srcset=\"https:\/\/www.tagame.org\/enews\/wp-content\/uploads\/2024\/11\/trim-Bokura_no_shikisai_03_cover-420x600.jpg 420w, https:\/\/www.tagame.org\/enews\/wp-content\/uploads\/2024\/11\/trim-Bokura_no_shikisai_03_cover-210x300.jpg 210w, https:\/\/www.tagame.org\/enews\/wp-content\/uploads\/2024\/11\/trim-Bokura_no_shikisai_03_cover-624x891.jpg 624w, https:\/\/www.tagame.org\/enews\/wp-content\/uploads\/2024\/11\/trim-Bokura_no_shikisai_03_cover.jpg 695w\" sizes=\"auto, (max-width: 420px) 100vw, 420px\" \/><\/p>\n","protected":false},"excerpt":{"rendered":"<p>Kolory naszego \u017cycia Polish translated edition Szesnastoletni Sora Itoda jest zakochany w koledze z klasy, Ken [&hellip;]<\/p>\n","protected":false},"author":1,"featured_media":0,"parent":1805,"menu_order":0,"comment_status":"closed","ping_status":"closed","template":"","meta":{"footnotes":""},"class_list":["post-2106","page","type-page","status-publish","hentry"],"aioseo_notices":[],"_links":{"self":[{"href":"https:\/\/www.tagame.org\/enews\/wp-json\/wp\/v2\/pages\/2106","targetHints":{"allow":["GET"]}}],"collection":[{"href":"https:\/\/www.tagame.org\/enews\/wp-json\/wp\/v2\/pages"}],"about":[{"href":"https:\/\/www.tagame.org\/enews\/wp-json\/wp\/v2\/types\/page"}],"author":[{"embeddable":true,"href":"https:\/\/www.tagame.org\/enews\/wp-json\/wp\/v2\/users\/1"}],"replies":[{"embeddable":true,"href":"https:\/\/www.tagame.org\/enews\/wp-json\/wp\/v2\/comments?post=2106"}],"version-history":[{"count":1,"href":"https:\/\/www.tagame.org\/enews\/wp-json\/wp\/v2\/pages\/2106\/revisions"}],"predecessor-version":[{"id":2110,"href":"https:\/\/www.tagame.org\/enews\/wp-json\/wp\/v2\/pages\/2106\/revisions\/2110"}],"up":[{"embeddable":true,"href":"https:\/\/www.tagame.org\/enews\/wp-json\/wp\/v2\/pages\/1805"}],"wp:attachment":[{"href":"https:\/\/www.tagame.org\/enews\/wp-json\/wp\/v2\/media?parent=2106"}],"curies":[{"name":"wp","href":"https:\/\/api.w.org\/{rel}","templated":true}]}}