{"id":2059,"date":"2024-06-03T08:15:52","date_gmt":"2024-06-02T23:15:52","guid":{"rendered":"https:\/\/www.tagame.org\/enews\/?page_id=2059"},"modified":"2024-06-03T08:15:52","modified_gmt":"2024-06-02T23:15:52","slug":"nos-rendez-vous-gourmands-fra","status":"publish","type":"page","link":"https:\/\/www.tagame.org\/enews\/sample-page\/french-book\/nos-rendez-vous-gourmands-fra\/","title":{"rendered":"Nos rendez-vous gourmands (FRA)"},"content":{"rendered":"<p><a href=\"https:\/\/www.tagame.org\/enews\/wp-content\/uploads\/2024\/06\/uotomizu-fra-book.jpg\" rel=\"lightbox[2059]\"><img loading=\"lazy\" decoding=\"async\" src=\"https:\/\/www.tagame.org\/enews\/wp-content\/uploads\/2024\/06\/uotomizu-fra-book.jpg\" alt=\"\" width=\"368\" height=\"522\" class=\"alignnone size-full wp-image-2060\" srcset=\"https:\/\/www.tagame.org\/enews\/wp-content\/uploads\/2024\/06\/uotomizu-fra-book.jpg 368w, https:\/\/www.tagame.org\/enews\/wp-content\/uploads\/2024\/06\/uotomizu-fra-book-211x300.jpg 211w\" sizes=\"auto, (max-width: 368px) 100vw, 368px\" \/><\/a><\/p>\n<h2>Nos rendez-vous gourmands<\/h2>\n<h3>French translated<\/h3>\n<p>\u00c9diteur \u200f : \u200e Akata (13 juin 2024)<br \/>\nLangue \u200f : \u200e Fran\u00e7ais<br \/>\nISBN-10 \u200f : \u200e 2385314037<br \/>\nISBN-13 \u200f : \u200e 978-2385314033<br \/>\nPoids de l&#8217;article \u200f : \u200e 505 g<br \/>\nDimensions \u200f : \u200e 13.2 x 1.9 x 18.3 cm<\/p>\n<p><a href=\"https:\/\/www.akata.fr\/publications\/nos-rendez-vous-gourmands\" rel=\"noopener\" target=\"_blank\">Publisher&#8217;s website<\/a><\/p>\n<blockquote><p>C\u2019est la crise sanitaire au Japon, mais en tant que commercial, Akira n\u2019a pas d\u2019autre choix que de travailler \u00e0 l\u2019ext\u00e9rieur de chez lui. Pour le remercier, des clients lui ont offert des choux. Et comme il ne sait pas cuisiner, il les apporte \u00e0 K\u00f4ji, un de ses amis, en esp\u00e9rant qu\u2019il pourra lui pr\u00e9parer un bon petit plat. Mais est-ce vraiment parce qu\u2019il aime manger qu\u2019Akira se rend de plus en plus souvent chez son \u00ab ami \u00bb ?<\/p>\n<p> Dans Nos rendez-vous gourmands, Gengoroh Tagame d\u00e9crit la romance naissante entre deux hommes adultes.  Avec pudeur et sensibilit\u00e9, il nous plonge \u00e9galement dans un Japon du quotidien, loin des fantasmes et des clich\u00e9s.<\/p><\/blockquote>\n<p><a href=\"https:\/\/www.tagame.org\/enews\/wp-content\/uploads\/2024\/06\/uotomizu-fra-1.jpeg\" rel=\"lightbox[2059]\"><img loading=\"lazy\" decoding=\"async\" src=\"https:\/\/www.tagame.org\/enews\/wp-content\/uploads\/2024\/06\/uotomizu-fra-1-600x600.jpeg\" alt=\"\" width=\"600\" height=\"600\" class=\"alignnone size-large wp-image-2061\" srcset=\"https:\/\/www.tagame.org\/enews\/wp-content\/uploads\/2024\/06\/uotomizu-fra-1-600x600.jpeg 600w, https:\/\/www.tagame.org\/enews\/wp-content\/uploads\/2024\/06\/uotomizu-fra-1-300x300.jpeg 300w, https:\/\/www.tagame.org\/enews\/wp-content\/uploads\/2024\/06\/uotomizu-fra-1-150x150.jpeg 150w, https:\/\/www.tagame.org\/enews\/wp-content\/uploads\/2024\/06\/uotomizu-fra-1-768x768.jpeg 768w, https:\/\/www.tagame.org\/enews\/wp-content\/uploads\/2024\/06\/uotomizu-fra-1-144x144.jpeg 144w, https:\/\/www.tagame.org\/enews\/wp-content\/uploads\/2024\/06\/uotomizu-fra-1-624x624.jpeg 624w, https:\/\/www.tagame.org\/enews\/wp-content\/uploads\/2024\/06\/uotomizu-fra-1.jpeg 1500w\" sizes=\"auto, (max-width: 600px) 100vw, 600px\" \/><\/a><a href=\"https:\/\/www.tagame.org\/enews\/wp-content\/uploads\/2024\/06\/uotomizu-fra-2.jpeg\" rel=\"lightbox[2059]\"><img loading=\"lazy\" decoding=\"async\" src=\"https:\/\/www.tagame.org\/enews\/wp-content\/uploads\/2024\/06\/uotomizu-fra-2-600x600.jpeg\" alt=\"\" width=\"600\" height=\"600\" class=\"alignnone size-large wp-image-2062\" srcset=\"https:\/\/www.tagame.org\/enews\/wp-content\/uploads\/2024\/06\/uotomizu-fra-2-600x600.jpeg 600w, https:\/\/www.tagame.org\/enews\/wp-content\/uploads\/2024\/06\/uotomizu-fra-2-300x300.jpeg 300w, https:\/\/www.tagame.org\/enews\/wp-content\/uploads\/2024\/06\/uotomizu-fra-2-150x150.jpeg 150w, https:\/\/www.tagame.org\/enews\/wp-content\/uploads\/2024\/06\/uotomizu-fra-2-768x768.jpeg 768w, https:\/\/www.tagame.org\/enews\/wp-content\/uploads\/2024\/06\/uotomizu-fra-2-144x144.jpeg 144w, https:\/\/www.tagame.org\/enews\/wp-content\/uploads\/2024\/06\/uotomizu-fra-2-624x624.jpeg 624w, https:\/\/www.tagame.org\/enews\/wp-content\/uploads\/2024\/06\/uotomizu-fra-2.jpeg 1500w\" sizes=\"auto, (max-width: 600px) 100vw, 600px\" \/><\/a><a href=\"https:\/\/www.tagame.org\/enews\/wp-content\/uploads\/2024\/06\/uotomizu-fra-3.jpeg\" rel=\"lightbox[2059]\"><img loading=\"lazy\" decoding=\"async\" src=\"https:\/\/www.tagame.org\/enews\/wp-content\/uploads\/2024\/06\/uotomizu-fra-3-600x600.jpeg\" alt=\"\" width=\"600\" height=\"600\" class=\"alignnone size-large wp-image-2063\" srcset=\"https:\/\/www.tagame.org\/enews\/wp-content\/uploads\/2024\/06\/uotomizu-fra-3-600x600.jpeg 600w, https:\/\/www.tagame.org\/enews\/wp-content\/uploads\/2024\/06\/uotomizu-fra-3-300x300.jpeg 300w, https:\/\/www.tagame.org\/enews\/wp-content\/uploads\/2024\/06\/uotomizu-fra-3-150x150.jpeg 150w, https:\/\/www.tagame.org\/enews\/wp-content\/uploads\/2024\/06\/uotomizu-fra-3-768x768.jpeg 768w, https:\/\/www.tagame.org\/enews\/wp-content\/uploads\/2024\/06\/uotomizu-fra-3-144x144.jpeg 144w, https:\/\/www.tagame.org\/enews\/wp-content\/uploads\/2024\/06\/uotomizu-fra-3-624x624.jpeg 624w, https:\/\/www.tagame.org\/enews\/wp-content\/uploads\/2024\/06\/uotomizu-fra-3.jpeg 1500w\" sizes=\"auto, (max-width: 600px) 100vw, 600px\" \/><\/a><a href=\"https:\/\/www.tagame.org\/enews\/wp-content\/uploads\/2024\/06\/uotomizu-fra-4.jpeg\" rel=\"lightbox[2059]\"><img loading=\"lazy\" decoding=\"async\" src=\"https:\/\/www.tagame.org\/enews\/wp-content\/uploads\/2024\/06\/uotomizu-fra-4-600x600.jpeg\" alt=\"\" width=\"600\" height=\"600\" class=\"alignnone size-large wp-image-2064\" srcset=\"https:\/\/www.tagame.org\/enews\/wp-content\/uploads\/2024\/06\/uotomizu-fra-4-600x600.jpeg 600w, https:\/\/www.tagame.org\/enews\/wp-content\/uploads\/2024\/06\/uotomizu-fra-4-300x300.jpeg 300w, https:\/\/www.tagame.org\/enews\/wp-content\/uploads\/2024\/06\/uotomizu-fra-4-150x150.jpeg 150w, https:\/\/www.tagame.org\/enews\/wp-content\/uploads\/2024\/06\/uotomizu-fra-4-768x768.jpeg 768w, https:\/\/www.tagame.org\/enews\/wp-content\/uploads\/2024\/06\/uotomizu-fra-4-144x144.jpeg 144w, https:\/\/www.tagame.org\/enews\/wp-content\/uploads\/2024\/06\/uotomizu-fra-4-624x624.jpeg 624w, https:\/\/www.tagame.org\/enews\/wp-content\/uploads\/2024\/06\/uotomizu-fra-4.jpeg 1500w\" sizes=\"auto, (max-width: 600px) 100vw, 600px\" \/><\/a><\/p>\n","protected":false},"excerpt":{"rendered":"<p>Nos rendez-vous gourmands French translated \u00c9diteur \u200f : \u200e Akata (13 juin 2024) Langue \u200f : \u200e Fran\u00e7ais ISBN-10 \u200f [&hellip;]<\/p>\n","protected":false},"author":1,"featured_media":0,"parent":714,"menu_order":0,"comment_status":"closed","ping_status":"closed","template":"","meta":{"footnotes":""},"class_list":["post-2059","page","type-page","status-publish","hentry"],"aioseo_notices":[],"_links":{"self":[{"href":"https:\/\/www.tagame.org\/enews\/wp-json\/wp\/v2\/pages\/2059","targetHints":{"allow":["GET"]}}],"collection":[{"href":"https:\/\/www.tagame.org\/enews\/wp-json\/wp\/v2\/pages"}],"about":[{"href":"https:\/\/www.tagame.org\/enews\/wp-json\/wp\/v2\/types\/page"}],"author":[{"embeddable":true,"href":"https:\/\/www.tagame.org\/enews\/wp-json\/wp\/v2\/users\/1"}],"replies":[{"embeddable":true,"href":"https:\/\/www.tagame.org\/enews\/wp-json\/wp\/v2\/comments?post=2059"}],"version-history":[{"count":2,"href":"https:\/\/www.tagame.org\/enews\/wp-json\/wp\/v2\/pages\/2059\/revisions"}],"predecessor-version":[{"id":2066,"href":"https:\/\/www.tagame.org\/enews\/wp-json\/wp\/v2\/pages\/2059\/revisions\/2066"}],"up":[{"embeddable":true,"href":"https:\/\/www.tagame.org\/enews\/wp-json\/wp\/v2\/pages\/714"}],"wp:attachment":[{"href":"https:\/\/www.tagame.org\/enews\/wp-json\/wp\/v2\/media?parent=2059"}],"curies":[{"name":"wp","href":"https:\/\/api.w.org\/{rel}","templated":true}]}}