{"id":2046,"date":"2024-04-03T18:24:38","date_gmt":"2024-04-03T09:24:38","guid":{"rendered":"https:\/\/www.tagame.org\/enews\/?page_id=2046"},"modified":"2024-06-04T14:05:51","modified_gmt":"2024-06-04T05:05:51","slug":"kardesimin-kocasi","status":"publish","type":"page","link":"https:\/\/www.tagame.org\/enews\/sample-page\/turkish-books\/kardesimin-kocasi\/","title":{"rendered":"Karde\u015fimin Kocas\u0131"},"content":{"rendered":"<p><a href=\"https:\/\/www.tagame.org\/enews\/wp-content\/uploads\/2024\/04\/81MpT7aIgwL._SY522_.jpg\" rel=\"lightbox[2046]\"><img loading=\"lazy\" decoding=\"async\" src=\"https:\/\/www.tagame.org\/enews\/wp-content\/uploads\/2024\/04\/81MpT7aIgwL._SY522_-211x300.jpg\" alt=\"\" width=\"211\" height=\"300\" class=\"size-medium wp-image-2047\" srcset=\"https:\/\/www.tagame.org\/enews\/wp-content\/uploads\/2024\/04\/81MpT7aIgwL._SY522_-211x300.jpg 211w, https:\/\/www.tagame.org\/enews\/wp-content\/uploads\/2024\/04\/81MpT7aIgwL._SY522_.jpg 367w\" sizes=\"auto, (max-width: 211px) 100vw, 211px\" \/><\/a><\/p>\n<h2>Karde\u015fimin Kocas\u0131<\/h2>\n<h3>Turkish translated<\/h3>\n<p>[Volume 1]<br \/>\nYay\u0131nc\u0131 \u200f : \u200e Baobab Yay\u0131nlar\u0131 (1 May\u0131s 2023)<br \/>\nDil \u200f : \u200e T\u00fcrk\u00e7e<br \/>\nKa\u011f\u0131t Kapak \u200f : \u200e 352 sayfa<br \/>\nISBN-10 \u200f : \u200e 6259901925<br \/>\nISBN-13 \u200f : \u200e 978-6259901923<br \/>\nOkuma ya\u015f\u0131 \u200f : \u200e 18 ya\u015f ve \u00fczeri<br \/>\n<a href=\"https:\/\/baobabyayinlari.com\/kitaplar\/kardesimin-kocasi\" rel=\"noopener\" target=\"_blank\">Publisher&#8217;s Website<\/a><br \/>\n<a href=\"https:\/\/amzn.eu\/d\/f3ocNZE\" rel=\"noopener\" target=\"_blank\">https:\/\/amzn.eu\/d\/f3ocNZE<\/a><\/p>\n<blockquote><p>Yai\u00e7i, tek ba\u015f\u0131na yeti\u015ftirdi\u011fi k\u0131z\u0131 Kana ile Tokyo\u2019nun bir banliy\u00f6s\u00fcnde ya\u015famaktad\u0131r. Ancak bir g\u00fcn Mike Flanagan isimli bir adam\u0131n \u00e7\u0131kagelmesiyle hayatlar\u0131 de\u011fi\u015fir. Bu Kanadal\u0131, Yai\u00e7i\u2019nin yak\u0131n zamanda kaybetti\u011fi ikiz erkek karde\u015finin kocas\u0131ndan ba\u015fkas\u0131 de\u011fildir. Japonya\u2019ya sevdi\u011fi adam\u0131n ge\u00e7mi\u015finin izini s\u00fcrmek ve onun k\u00fclt\u00fcr\u00fcn\u00fc yerinde ya\u015famak \u00fczere gelmi\u015ftir. Yai\u00e7i bu durum kar\u015f\u0131s\u0131nda nas\u0131l davranaca\u011f\u0131n\u0131 bilemezken, Kana ise aniden ortaya \u00e7\u0131kan Kanadal\u0131 amcas\u0131 nedeniyle \u00e7ok heyecanl\u0131d\u0131r.<\/p>\n<p>Yabanc\u0131 olmak, aile gibi kavramlar \u00fczerine etkileyici bir hik\u00e2ye sunan bu d\u00f6rt ciltlik manga serisinin ilk iki cildi bir arada.<\/p><\/blockquote>\n<p><a href=\"https:\/\/www.tagame.org\/enews\/wp-content\/uploads\/2024\/04\/717JESo-2IL._SY522_.jpg\" rel=\"lightbox[2046]\"><img loading=\"lazy\" decoding=\"async\" src=\"https:\/\/www.tagame.org\/enews\/wp-content\/uploads\/2024\/04\/717JESo-2IL._SY522_-208x300.jpg\" alt=\"\" width=\"208\" height=\"300\" class=\"alignnone size-medium wp-image-2048\" srcset=\"https:\/\/www.tagame.org\/enews\/wp-content\/uploads\/2024\/04\/717JESo-2IL._SY522_-208x300.jpg 208w, https:\/\/www.tagame.org\/enews\/wp-content\/uploads\/2024\/04\/717JESo-2IL._SY522_.jpg 362w\" sizes=\"auto, (max-width: 208px) 100vw, 208px\" \/><\/a><br \/>\n[Volume 2]<br \/>\nYay\u0131nc\u0131 \u200f : \u200e Baobab Yay\u0131nlar\u0131 (1 Eyl\u00fcl 2023)<br \/>\nDil \u200f : \u200e T\u00fcrk\u00e7e<br \/>\nKa\u011f\u0131t Kapak \u200f : \u200e 352 sayfa<br \/>\nISBN-10 \u200f : \u200e 625990195X<br \/>\nISBN-13 \u200f : \u200e 978-6259901954<br \/>\nOkuma ya\u015f\u0131 \u200f : \u200e 18 ya\u015f ve \u00fczeri<br \/>\n<a href=\"https:\/\/baobabyayinlari.com\/kitaplar\/kardesimin-kocasi-2-cilt\" rel=\"noopener\" target=\"_blank\">Publisher&#8217;s Website<\/a><br \/>\n<a href=\"https:\/\/amzn.eu\/d\/gS6VNka\" rel=\"noopener\" target=\"_blank\">https:\/\/amzn.eu\/d\/gS6VNka<\/a><\/p>\n<blockquote><p>Mike&#8217;\u0131n Japon k\u00fclt\u00fcr\u00fcn\u00fc ve Ryoci&#8217;nin ge\u00e7mi\u015fini ke\u015fif yolculu\u011fu s\u00fcrerken Yai\u00e7i de Mike&#8217;\u0131n varl\u0131\u011f\u0131na yava\u015f yava\u015f al\u0131\u015fmaktad\u0131r. Kana ise birlikte zaman ge\u00e7irdik\u00e7e Kanadal\u0131 amcas\u0131na gitgide daha \u00e7ok ba\u011flan\u0131r, ancak Mike&#8217;\u0131n \u00fclkesine d\u00f6n\u00fc\u015f vakti yakla\u015fmaktad\u0131r. Tabii \u00f6nce Japonya&#8217;ya geli\u015f amac\u0131n\u0131 ger\u00e7ekle\u015ftirmesi gerekmektedir. Yai\u00e7i&#8217;nin Kanadal\u0131 kay\u0131nbiraderi Mike&#8217;la tan\u0131\u015fmas\u0131n\u0131 ve bunun k\u0131z\u0131 Kana ile birlikte hem hayatlar\u0131n\u0131 hem de bak\u0131\u015f a\u00e7\u0131lar\u0131n\u0131 nas\u0131l de\u011fi\u015ftirdi\u011fini anlatan bu seri, ikinci say\u0131s\u0131 ile son buluyor.\n<\/p><\/blockquote>\n<p><a href=\"https:\/\/www.tagame.org\/enews\/wp-content\/uploads\/2024\/06\/otoutonootto-turk1.jpeg\" rel=\"lightbox[2046]\"><img loading=\"lazy\" decoding=\"async\" src=\"https:\/\/www.tagame.org\/enews\/wp-content\/uploads\/2024\/06\/otoutonootto-turk1-600x600.jpeg\" alt=\"\" width=\"600\" height=\"600\" class=\"alignnone size-large wp-image-2073\" srcset=\"https:\/\/www.tagame.org\/enews\/wp-content\/uploads\/2024\/06\/otoutonootto-turk1-600x600.jpeg 600w, https:\/\/www.tagame.org\/enews\/wp-content\/uploads\/2024\/06\/otoutonootto-turk1-300x300.jpeg 300w, https:\/\/www.tagame.org\/enews\/wp-content\/uploads\/2024\/06\/otoutonootto-turk1-150x150.jpeg 150w, https:\/\/www.tagame.org\/enews\/wp-content\/uploads\/2024\/06\/otoutonootto-turk1-768x768.jpeg 768w, https:\/\/www.tagame.org\/enews\/wp-content\/uploads\/2024\/06\/otoutonootto-turk1-1536x1536.jpeg 1536w, https:\/\/www.tagame.org\/enews\/wp-content\/uploads\/2024\/06\/otoutonootto-turk1-144x144.jpeg 144w, https:\/\/www.tagame.org\/enews\/wp-content\/uploads\/2024\/06\/otoutonootto-turk1-624x624.jpeg 624w, https:\/\/www.tagame.org\/enews\/wp-content\/uploads\/2024\/06\/otoutonootto-turk1.jpeg 2048w\" sizes=\"auto, (max-width: 600px) 100vw, 600px\" \/><\/a><a href=\"https:\/\/www.tagame.org\/enews\/wp-content\/uploads\/2024\/06\/otoutonootto-turk2.jpeg\" rel=\"lightbox[2046]\"><img loading=\"lazy\" decoding=\"async\" src=\"https:\/\/www.tagame.org\/enews\/wp-content\/uploads\/2024\/06\/otoutonootto-turk2-600x600.jpeg\" alt=\"\" width=\"600\" height=\"600\" class=\"alignnone size-large wp-image-2074\" srcset=\"https:\/\/www.tagame.org\/enews\/wp-content\/uploads\/2024\/06\/otoutonootto-turk2-600x600.jpeg 600w, https:\/\/www.tagame.org\/enews\/wp-content\/uploads\/2024\/06\/otoutonootto-turk2-300x300.jpeg 300w, https:\/\/www.tagame.org\/enews\/wp-content\/uploads\/2024\/06\/otoutonootto-turk2-150x150.jpeg 150w, https:\/\/www.tagame.org\/enews\/wp-content\/uploads\/2024\/06\/otoutonootto-turk2-768x768.jpeg 768w, https:\/\/www.tagame.org\/enews\/wp-content\/uploads\/2024\/06\/otoutonootto-turk2-1536x1536.jpeg 1536w, https:\/\/www.tagame.org\/enews\/wp-content\/uploads\/2024\/06\/otoutonootto-turk2-144x144.jpeg 144w, https:\/\/www.tagame.org\/enews\/wp-content\/uploads\/2024\/06\/otoutonootto-turk2-624x624.jpeg 624w, https:\/\/www.tagame.org\/enews\/wp-content\/uploads\/2024\/06\/otoutonootto-turk2.jpeg 2048w\" sizes=\"auto, (max-width: 600px) 100vw, 600px\" \/><\/a><\/p>\n","protected":false},"excerpt":{"rendered":"<p>Karde\u015fimin Kocas\u0131 Turkish translated [Volume 1] Yay\u0131nc\u0131 \u200f : \u200e Baobab Yay\u0131nlar\u0131 (1 May\u0131s 2023) Dil \u200f : \u200e T\u00fcrk\u00e7e [&hellip;]<\/p>\n","protected":false},"author":1,"featured_media":0,"parent":2044,"menu_order":0,"comment_status":"closed","ping_status":"closed","template":"","meta":{"footnotes":""},"class_list":["post-2046","page","type-page","status-publish","hentry"],"aioseo_notices":[],"_links":{"self":[{"href":"https:\/\/www.tagame.org\/enews\/wp-json\/wp\/v2\/pages\/2046","targetHints":{"allow":["GET"]}}],"collection":[{"href":"https:\/\/www.tagame.org\/enews\/wp-json\/wp\/v2\/pages"}],"about":[{"href":"https:\/\/www.tagame.org\/enews\/wp-json\/wp\/v2\/types\/page"}],"author":[{"embeddable":true,"href":"https:\/\/www.tagame.org\/enews\/wp-json\/wp\/v2\/users\/1"}],"replies":[{"embeddable":true,"href":"https:\/\/www.tagame.org\/enews\/wp-json\/wp\/v2\/comments?post=2046"}],"version-history":[{"count":7,"href":"https:\/\/www.tagame.org\/enews\/wp-json\/wp\/v2\/pages\/2046\/revisions"}],"predecessor-version":[{"id":2079,"href":"https:\/\/www.tagame.org\/enews\/wp-json\/wp\/v2\/pages\/2046\/revisions\/2079"}],"up":[{"embeddable":true,"href":"https:\/\/www.tagame.org\/enews\/wp-json\/wp\/v2\/pages\/2044"}],"wp:attachment":[{"href":"https:\/\/www.tagame.org\/enews\/wp-json\/wp\/v2\/media?parent=2046"}],"curies":[{"name":"wp","href":"https:\/\/api.w.org\/{rel}","templated":true}]}}