{"id":2018,"date":"2024-03-01T02:53:08","date_gmt":"2024-02-29T17:53:08","guid":{"rendered":"https:\/\/www.tagame.org\/enews\/?page_id=2018"},"modified":"2024-03-01T02:53:08","modified_gmt":"2024-02-29T17:53:08","slug":"desirs-bruts-fra","status":"publish","type":"page","link":"https:\/\/www.tagame.org\/enews\/sample-page\/french-book\/desirs-bruts-fra\/","title":{"rendered":"D\u00e9sirs Bruts (FRA)"},"content":{"rendered":"<p><a href=\"https:\/\/www.tagame.org\/enews\/wp-content\/uploads\/2024\/03\/61kYka-RpL._SY522_.jpg\" rel=\"lightbox[2018]\"><img loading=\"lazy\" decoding=\"async\" src=\"https:\/\/www.tagame.org\/enews\/wp-content\/uploads\/2024\/03\/61kYka-RpL._SY522_-214x300.jpg\" alt=\"\" width=\"214\" height=\"300\" class=\"alignnone size-medium wp-image-2019\" srcset=\"https:\/\/www.tagame.org\/enews\/wp-content\/uploads\/2024\/03\/61kYka-RpL._SY522_-214x300.jpg 214w, https:\/\/www.tagame.org\/enews\/wp-content\/uploads\/2024\/03\/61kYka-RpL._SY522_.jpg 372w\" sizes=\"auto, (max-width: 214px) 100vw, 214px\" \/><\/a><\/p>\n<h2>D\u00e9sirs Bruts<\/h2>\n<h3>French translated<\/h3>\n<p>Released on both of printed book and e-book editions.<\/p>\n<p>\u00c9diteur \u200f : \u200e Dynamite; Illustrated \u00e9dition (24 ao\u00fbt 2023)<br \/>\nLangue \u200f : \u200e Fran\u00e7ais<br \/>\nPoche \u200f : \u200e 272 pages<br \/>\nISBN-10 \u200f : \u200e 2362345777<br \/>\nISBN-13 \u200f : \u200e 978-2362345777<br \/>\n\u00c2ge de lecture \u200f : \u200e D\u00e8s 18 ans<br \/>\nPoids de l&#8217;article \u200f : \u200e 453 g<br \/>\nDimensions \u200f : \u200e 15.2 x 2.6 x 21.3 cm<br \/>\n<a href=\"https:\/\/amzn.eu\/d\/9saUNzx\" rel=\"noopener\" target=\"_blank\">https:\/\/amzn.eu\/d\/9saUNzx<\/a><\/p>\n<blockquote><p>&#8221; La grande majorit\u00e9 des gens n&#8217;appr\u00e9cient pas la torture sexuelle. Mais je n&#8217;\u00e9cris pas pour eux. &#8221;<br \/>\nIls sont gladiateurs, karat\u00e9kas, soldats, hommes de pouvoir. S\u00fbrs de leur virilit\u00e9, ils dominent l&#8217;\u00e9chelle sociale et attirent tous les regards. Mais chez Gengoroh Tagame, l&#8217;apog\u00e9e pr\u00e9c\u00e8de toujours la chute : vaincus, humili\u00e9s, ruin\u00e9s, ces h\u00e9ros d&#8217;autrefois sont rabaiss\u00e9s au rang d&#8217;objets soumis aux caprices sexuels de leurs nouveaux ma\u00eetres. C&#8217;est dans le spectacle de ces d\u00e9ch\u00e9ances que Gengoroh Tagame trouve la source de son \u00e9rotisme, d&#8217;une puissance aussi rare que troublante&#8230;<\/p><\/blockquote>\n","protected":false},"excerpt":{"rendered":"<p>D\u00e9sirs Bruts French translated Released on both of printed book and e-book editions. \u00c9diteur \u200f : \u200e Dynamite; I [&hellip;]<\/p>\n","protected":false},"author":1,"featured_media":0,"parent":714,"menu_order":0,"comment_status":"closed","ping_status":"closed","template":"","meta":{"footnotes":""},"class_list":["post-2018","page","type-page","status-publish","hentry"],"aioseo_notices":[],"_links":{"self":[{"href":"https:\/\/www.tagame.org\/enews\/wp-json\/wp\/v2\/pages\/2018","targetHints":{"allow":["GET"]}}],"collection":[{"href":"https:\/\/www.tagame.org\/enews\/wp-json\/wp\/v2\/pages"}],"about":[{"href":"https:\/\/www.tagame.org\/enews\/wp-json\/wp\/v2\/types\/page"}],"author":[{"embeddable":true,"href":"https:\/\/www.tagame.org\/enews\/wp-json\/wp\/v2\/users\/1"}],"replies":[{"embeddable":true,"href":"https:\/\/www.tagame.org\/enews\/wp-json\/wp\/v2\/comments?post=2018"}],"version-history":[{"count":1,"href":"https:\/\/www.tagame.org\/enews\/wp-json\/wp\/v2\/pages\/2018\/revisions"}],"predecessor-version":[{"id":2020,"href":"https:\/\/www.tagame.org\/enews\/wp-json\/wp\/v2\/pages\/2018\/revisions\/2020"}],"up":[{"embeddable":true,"href":"https:\/\/www.tagame.org\/enews\/wp-json\/wp\/v2\/pages\/714"}],"wp:attachment":[{"href":"https:\/\/www.tagame.org\/enews\/wp-json\/wp\/v2\/media?parent=2018"}],"curies":[{"name":"wp","href":"https:\/\/api.w.org\/{rel}","templated":true}]}}