{"id":2003,"date":"2023-06-04T16:30:09","date_gmt":"2023-06-04T07:30:09","guid":{"rendered":"https:\/\/www.tagame.org\/enews\/?page_id=2003"},"modified":"2024-03-01T03:04:11","modified_gmt":"2024-02-29T18:04:11","slug":"la-pasion-de-gengoroh-tagame-spa","status":"publish","type":"page","link":"https:\/\/www.tagame.org\/enews\/sample-page\/spanish-books\/la-pasion-de-gengoroh-tagame-spa\/","title":{"rendered":"La Pasion de Gengoroh Tagame (SPA)"},"content":{"rendered":"<p><a href=\"https:\/\/www.tagame.org\/enews\/wp-content\/uploads\/2023\/06\/passion_spanish.jpg\" rel=\"lightbox[2003]\"><img loading=\"lazy\" decoding=\"async\" src=\"https:\/\/www.tagame.org\/enews\/wp-content\/uploads\/2023\/06\/passion_spanish-218x300.jpg\" alt=\"\" width=\"218\" height=\"300\" class=\"alignnone size-medium wp-image-2004\" srcset=\"https:\/\/www.tagame.org\/enews\/wp-content\/uploads\/2023\/06\/passion_spanish-218x300.jpg 218w, https:\/\/www.tagame.org\/enews\/wp-content\/uploads\/2023\/06\/passion_spanish-436x600.jpg 436w, https:\/\/www.tagame.org\/enews\/wp-content\/uploads\/2023\/06\/passion_spanish-768x1057.jpg 768w, https:\/\/www.tagame.org\/enews\/wp-content\/uploads\/2023\/06\/passion_spanish-1116x1536.jpg 1116w, https:\/\/www.tagame.org\/enews\/wp-content\/uploads\/2023\/06\/passion_spanish-1488x2048.jpg 1488w, https:\/\/www.tagame.org\/enews\/wp-content\/uploads\/2023\/06\/passion_spanish-624x859.jpg 624w, https:\/\/www.tagame.org\/enews\/wp-content\/uploads\/2023\/06\/passion_spanish.jpg 1802w\" sizes=\"auto, (max-width: 218px) 100vw, 218px\" \/><\/a><\/p>\n<h2>La Pasion de Gengoroh Tagame: vol.1<\/h2>\n<h3>Spanish Translated<\/h3>\n<p>Editorial \u200f : \u200e LA CUPULA EDICIONES S.L.; N.\u00ba 1 edici\u00f3n (2 marzo 2023)<br \/>\nIdioma \u200f : \u200e Espa\u00f1ol<br \/>\nTapa blanda \u200f : \u200e 288 p\u00e1ginas<br \/>\nISBN-10 \u200f : \u200e 8418809639<br \/>\nISBN-13 \u200f : \u200e 978-8418809637<br \/>\nPeso del producto \u200f : \u200e 552 g<br \/>\nDimensiones \u200f : \u200e 50 x 50 x 28 cm<\/p>\n<p>Publisher&#8217;s Page >> <a href=\"https:\/\/www.lacupula.com\/catalogo\/la-pasion-de-gengoroh-tagame\/\" rel=\"noopener\" target=\"_blank\">https:\/\/www.lacupula.com\/catalogo\/la-pasion-de-gengoroh-tagame\/<\/a><\/p>\n<blockquote><p>Corpulentos luchadores sometidos a experimentos con hormonas, agentes de la ley subordinados a intuiciones prost\u00e1ticas, m\u00e9dicos rurales al servicio de la comunidad, samur\u00e1is llevados de pasiones demon\u00edacas, se\u00f1ores y vasallos en componendas rec\u00edprocas, j\u00f3venes imberbes y varones experimentados, severos profesores y disciplinados alumnos\u2026 Hombres, en definitiva, al m\u00e1s genuino estilo Tagame.<\/p>\n<p>Un festival de virilidad, fluidos y pulsiones sadomasoquistas por cuenta de uno de los grandes maestros contempor\u00e1neos del manga homoer\u00f3tico.<\/p><\/blockquote>\n<p><a href=\"https:\/\/www.tagame.org\/enews\/wp-content\/uploads\/2024\/03\/Tagame-La-Pasion-de-Gengoroh-Tagame-2-Cubierta-web.jpg\" rel=\"lightbox[2003]\"><img loading=\"lazy\" decoding=\"async\" src=\"https:\/\/www.tagame.org\/enews\/wp-content\/uploads\/2024\/03\/Tagame-La-Pasion-de-Gengoroh-Tagame-2-Cubierta-web-213x300.jpg\" alt=\"\" width=\"213\" height=\"300\" class=\"alignnone size-medium wp-image-2022\" srcset=\"https:\/\/www.tagame.org\/enews\/wp-content\/uploads\/2024\/03\/Tagame-La-Pasion-de-Gengoroh-Tagame-2-Cubierta-web-213x300.jpg 213w, https:\/\/www.tagame.org\/enews\/wp-content\/uploads\/2024\/03\/Tagame-La-Pasion-de-Gengoroh-Tagame-2-Cubierta-web-426x600.jpg 426w, https:\/\/www.tagame.org\/enews\/wp-content\/uploads\/2024\/03\/Tagame-La-Pasion-de-Gengoroh-Tagame-2-Cubierta-web-624x879.jpg 624w, https:\/\/www.tagame.org\/enews\/wp-content\/uploads\/2024\/03\/Tagame-La-Pasion-de-Gengoroh-Tagame-2-Cubierta-web.jpg 653w\" sizes=\"auto, (max-width: 213px) 100vw, 213px\" \/><\/a><\/p>\n<h2>La Pasion de Gengoroh Tagame: vol.2<\/h2>\n<h3>Spanish Translated<\/h3>\n<p>Editorial \u200f : \u200e LA C\u00daPULA EDICIONES S.L.; N.\u00ba 1 edici\u00f3n (28 diciembre 2023)<br \/>\nIdioma \u200f : \u200e Espa\u00f1ol<br \/>\nTapa blanda \u200f : \u200e 340 p\u00e1ginas<br \/>\nISBN-10 \u200f : \u200e 8418809922<br \/>\nISBN-13 \u200f : \u200e 978-8418809927<br \/>\nPeso del producto \u200f : \u200e 630 g<br \/>\nDimensiones \u200f : \u200e 25 x 1 x 21 cm<\/p>\n<p>Publisher&#8217;s Page >> <a href=\"https:\/\/www.lacupula.com\/catalogo\/la-pasion-de-gengoroh-tagame-volii\/\" rel=\"noopener\" target=\"_blank\">https:\/\/www.lacupula.com\/catalogo\/la-pasion-de-gengoroh-tagame-volii\/<\/a><\/p>\n<blockquote><p>Secuestrado en un campamento escolar por un pu\u00f1ado de hombres rudos, un popular jugador de b\u00e9isbol universitario ser\u00e1 sometido a pr\u00e1cticas extremas destinadas a hacer de \u00e9l un esclavo perfecto. El monje de un templo aislado en la monta\u00f1a se ve asediado por los demonios, que se aplicar\u00e1n en demostrarle que la mortificaci\u00f3n de la carne es un buen camino para el esp\u00edritu. Un polic\u00eda infiltrado vuelve amn\u00e9sico de su misi\u00f3n: su mente no recuerda nada, pero su cuerpo sabe muy bien lo que ahora le falta. El rey del Sol es requerido en una antigua ceremonia pagana que incluye rituales de orde\u00f1o y tal vez la colaboraci\u00f3n de varios efebos. Gengoroh Tagame, maestro del manga er\u00f3tico homosexual, nos ofrece un nuevo fest\u00edn de dolor y perversi\u00f3n en los confines de la fantas\u00eda BDSM. FECHA VENTA 28 DIC<\/p><\/blockquote>\n","protected":false},"excerpt":{"rendered":"<p>La Pasion de Gengoroh Tagame: vol.1 Spanish Translated Editorial \u200f : \u200e LA CUPULA EDICIONES S.L.; N.\u00ba 1 edici\u00f3n [&hellip;]<\/p>\n","protected":false},"author":1,"featured_media":0,"parent":718,"menu_order":0,"comment_status":"closed","ping_status":"closed","template":"","meta":{"footnotes":""},"class_list":["post-2003","page","type-page","status-publish","hentry"],"aioseo_notices":[],"_links":{"self":[{"href":"https:\/\/www.tagame.org\/enews\/wp-json\/wp\/v2\/pages\/2003","targetHints":{"allow":["GET"]}}],"collection":[{"href":"https:\/\/www.tagame.org\/enews\/wp-json\/wp\/v2\/pages"}],"about":[{"href":"https:\/\/www.tagame.org\/enews\/wp-json\/wp\/v2\/types\/page"}],"author":[{"embeddable":true,"href":"https:\/\/www.tagame.org\/enews\/wp-json\/wp\/v2\/users\/1"}],"replies":[{"embeddable":true,"href":"https:\/\/www.tagame.org\/enews\/wp-json\/wp\/v2\/comments?post=2003"}],"version-history":[{"count":4,"href":"https:\/\/www.tagame.org\/enews\/wp-json\/wp\/v2\/pages\/2003\/revisions"}],"predecessor-version":[{"id":2023,"href":"https:\/\/www.tagame.org\/enews\/wp-json\/wp\/v2\/pages\/2003\/revisions\/2023"}],"up":[{"embeddable":true,"href":"https:\/\/www.tagame.org\/enews\/wp-json\/wp\/v2\/pages\/718"}],"wp:attachment":[{"href":"https:\/\/www.tagame.org\/enews\/wp-json\/wp\/v2\/media?parent=2003"}],"curies":[{"name":"wp","href":"https:\/\/api.w.org\/{rel}","templated":true}]}}