{"id":1882,"date":"2022-06-04T09:41:29","date_gmt":"2022-06-04T00:41:29","guid":{"rendered":"http:\/\/www.tagame.org\/enews\/?page_id=1882"},"modified":"2023-06-06T05:47:09","modified_gmt":"2023-06-05T20:47:09","slug":"nuestros-colores-spa","status":"publish","type":"page","link":"https:\/\/www.tagame.org\/enews\/sample-page\/spanish-books\/nuestros-colores-spa\/","title":{"rendered":"Nuestros Colores (SPA)"},"content":{"rendered":"<h2>Nuestros Colores (SPA) (total 3 volumes)<\/h2>\n<h3>Spanish Translated<\/h3>\n<p><a href=\"https:\/\/www.tagame.org\/enews\/wp-content\/uploads\/2022\/06\/NuestrosColores1.jpg\" rel=\"lightbox[1882]\"><img loading=\"lazy\" decoding=\"async\" src=\"https:\/\/www.tagame.org\/enews\/wp-content\/uploads\/2022\/06\/NuestrosColores1.jpg\" alt=\"\" width=\"426\" height=\"600\" class=\"alignnone size-full wp-image-1883\" srcset=\"https:\/\/www.tagame.org\/enews\/wp-content\/uploads\/2022\/06\/NuestrosColores1.jpg 426w, https:\/\/www.tagame.org\/enews\/wp-content\/uploads\/2022\/06\/NuestrosColores1-213x300.jpg 213w\" sizes=\"auto, (max-width: 426px) 100vw, 426px\" \/><\/a><\/p>\n<h3>Volume 1<\/h3>\n<p><a href=\"https:\/\/www.panini.es\/shp_esp_es\/nuestros-colores-1-sncol001-es01.html\" rel=\"noopener\" target=\"_blank\">https:\/\/www.panini.es\/shp_esp_es\/nuestros-colores-1-sncol001-es01.html<\/a><\/p>\n<p>Fecha de lanzamiento: 28 abr 2022<br \/>\nP\u00e1ginas: 176<br \/>\nTama\u00f1o: 15X21<br \/>\nFormato: Maximum<br \/>\nInterior: Blanco y negro<br \/>\nISBN: 9788411014663<\/p>\n<blockquote><p>Visto desde fuera, parece alguien normal. Pero en su coraz\u00f3n siempre reina la soledad. Sora Itoda es un estudiante de bachillerato gay, enamorado plat\u00f3nicamente de su compa\u00f1ero de clase Kenta Yoshioka. Esto es algo que oculta incluso a Nao Nakamura, su amiga de la infancia. Un d\u00eda, Sora queda traumatizado al presenciar c\u00f3mo Kenta y sus amigos se burlan cruelmente de los homosexuales, y huye del instituto para refugiarse en la playa. Mientras descansa all\u00ed, un hombre de mediana edad aparece de repente y le confiesa que siempre lo hab\u00eda querido&#8230; Un drama de juventud que punza el coraz\u00f3n, en el que incluso aquello que es \u201cnatural\u201d puede herir a alguien.<\/p><\/blockquote>\n<p><a href=\"https:\/\/www.tagame.org\/enews\/wp-content\/uploads\/2022\/06\/NuestrosColores2.jpg\" rel=\"lightbox[1882]\"><img loading=\"lazy\" decoding=\"async\" src=\"https:\/\/www.tagame.org\/enews\/wp-content\/uploads\/2022\/06\/NuestrosColores2.jpg\" alt=\"\" width=\"427\" height=\"600\" class=\"alignnone size-full wp-image-1884\" srcset=\"https:\/\/www.tagame.org\/enews\/wp-content\/uploads\/2022\/06\/NuestrosColores2.jpg 427w, https:\/\/www.tagame.org\/enews\/wp-content\/uploads\/2022\/06\/NuestrosColores2-214x300.jpg 214w\" sizes=\"auto, (max-width: 427px) 100vw, 427px\" \/><\/a><\/p>\n<h3>Volume 2<\/h3>\n<p><a href=\"https:\/\/www.panini.es\/shp_esp_es\/nuestros-colores-2-sncol002-es01.html\" rel=\"noopener\" target=\"_blank\">https:\/\/www.panini.es\/shp_esp_es\/nuestros-colores-2-sncol002-es01.html<\/a><\/p>\n<p>Fecha de lanzamiento: 25 may 2022<br \/>\nP\u00e1ginas: 176<br \/>\nTama\u00f1o: 15X21<br \/>\nFormato: Maximum<br \/>\nInterior: Blanco y negro<br \/>\nISBN: 9788411015950<\/p>\n<blockquote><p>Visto desde fuera, parece alguien normal. Pero en su coraz\u00f3n siempre reina la soledad. Sora Itoda es un estudiante de bachillerato gay, enamorado plat\u00f3nicamente de su compa\u00f1ero de clase Kenta Yoshioka. Esto es algo que oculta incluso a Nao Nakamura, su amiga de la infancia. Un d\u00eda, Sora queda traumatizado al presenciar c\u00f3mo Kenta y sus amigos se burlan cruelmente de los homosexuales, y huye del instituto para refugiarse en la playa. Mientras descansa all\u00ed, un hombre de mediana edad aparece de repente y le confiesa que siempre lo hab\u00eda querido&#8230; Un drama de juventud que punza el coraz\u00f3n, en el que incluso aquello que es \u201cnatural\u201d puede herir a alguien.<\/p><\/blockquote>\n<p><a href=\"https:\/\/www.tagame.org\/enews\/wp-content\/uploads\/2022\/06\/NuestrosColores3.jpg\" rel=\"lightbox[1882]\"><img loading=\"lazy\" decoding=\"async\" src=\"https:\/\/www.tagame.org\/enews\/wp-content\/uploads\/2022\/06\/NuestrosColores3.jpg\" alt=\"\" width=\"426\" height=\"600\" class=\"alignnone size-full wp-image-1885\" srcset=\"https:\/\/www.tagame.org\/enews\/wp-content\/uploads\/2022\/06\/NuestrosColores3.jpg 426w, https:\/\/www.tagame.org\/enews\/wp-content\/uploads\/2022\/06\/NuestrosColores3-213x300.jpg 213w\" sizes=\"auto, (max-width: 426px) 100vw, 426px\" \/><\/a><\/p>\n<h3>Volume 3<\/h3>\n<p><a href=\"https:\/\/www.panini.es\/shp_esp_es\/nuestros-colores-3-sncol003-es01.html\" rel=\"noopener\" target=\"_blank\">https:\/\/www.panini.es\/shp_esp_es\/nuestros-colores-3-sncol003-es01.html<\/a><\/p>\n<p>Fecha de lanzamiento: 23 jun 2022<br \/>\nP\u00e1ginas: 176<br \/>\nTama\u00f1o: 15X21<br \/>\nFormato: Maximum<br \/>\nInterior: Blanco y negro<br \/>\nISBN: 9788411016766<\/p>\n<blockquote><p>Visto desde fuera, parece alguien normal. Pero en su coraz\u00f3n siempre reina la soledad. Sora Itoda es un estudiante de bachillerato gay, enamorado plat\u00f3nicamente de su compa\u00f1ero de clase Kenta Yoshioka. Esto es algo que oculta incluso a Nao Nakamura, su amiga de la infancia. Un d\u00eda, Sora queda traumatizado al presenciar c\u00f3mo Kenta y sus amigos se burlan cruelmente de los homosexuales, y huye del instituto para refugiarse en la playa. Mientras descansa all\u00ed, un hombre de mediana edad aparece de repente y le confiesa que siempre lo hab\u00eda querido&#8230; Un drama de juventud que punza el coraz\u00f3n, en el que incluso aquello que es \u201cnatural\u201d puede herir a alguien.<\/p><\/blockquote>\n","protected":false},"excerpt":{"rendered":"<p>Nuestros Colores (SPA) (total 3 volumes) Spanish Translated Volume 1 https:\/\/www.panini.es\/shp_esp_es\/nuestros [&hellip;]<\/p>\n","protected":false},"author":1,"featured_media":0,"parent":718,"menu_order":0,"comment_status":"closed","ping_status":"closed","template":"","meta":{"footnotes":""},"class_list":["post-1882","page","type-page","status-publish","hentry"],"aioseo_notices":[],"_links":{"self":[{"href":"https:\/\/www.tagame.org\/enews\/wp-json\/wp\/v2\/pages\/1882","targetHints":{"allow":["GET"]}}],"collection":[{"href":"https:\/\/www.tagame.org\/enews\/wp-json\/wp\/v2\/pages"}],"about":[{"href":"https:\/\/www.tagame.org\/enews\/wp-json\/wp\/v2\/types\/page"}],"author":[{"embeddable":true,"href":"https:\/\/www.tagame.org\/enews\/wp-json\/wp\/v2\/users\/1"}],"replies":[{"embeddable":true,"href":"https:\/\/www.tagame.org\/enews\/wp-json\/wp\/v2\/comments?post=1882"}],"version-history":[{"count":2,"href":"https:\/\/www.tagame.org\/enews\/wp-json\/wp\/v2\/pages\/1882\/revisions"}],"predecessor-version":[{"id":2016,"href":"https:\/\/www.tagame.org\/enews\/wp-json\/wp\/v2\/pages\/1882\/revisions\/2016"}],"up":[{"embeddable":true,"href":"https:\/\/www.tagame.org\/enews\/wp-json\/wp\/v2\/pages\/718"}],"wp:attachment":[{"href":"https:\/\/www.tagame.org\/enews\/wp-json\/wp\/v2\/media?parent=1882"}],"curies":[{"name":"wp","href":"https:\/\/api.w.org\/{rel}","templated":true}]}}