{"id":1877,"date":"2022-06-04T09:21:50","date_gmt":"2022-06-04T00:21:50","guid":{"rendered":"http:\/\/www.tagame.org\/enews\/?page_id=1877"},"modified":"2022-06-04T09:21:50","modified_gmt":"2022-06-04T00:21:50","slug":"degeneracion-spa","status":"publish","type":"page","link":"https:\/\/www.tagame.org\/enews\/sample-page\/spanish-books\/degeneracion-spa\/","title":{"rendered":"Degeneraci\u00f3n (SPA)"},"content":{"rendered":"<p><a href=\"https:\/\/www.tagame.org\/enews\/wp-content\/uploads\/2022\/06\/Degeneracion.jpg\" rel=\"lightbox[1877]\"><img loading=\"lazy\" decoding=\"async\" src=\"https:\/\/www.tagame.org\/enews\/wp-content\/uploads\/2022\/06\/Degeneracion.jpg\" alt=\"\" width=\"436\" height=\"600\" class=\"alignnone size-full wp-image-1878\" srcset=\"https:\/\/www.tagame.org\/enews\/wp-content\/uploads\/2022\/06\/Degeneracion.jpg 436w, https:\/\/www.tagame.org\/enews\/wp-content\/uploads\/2022\/06\/Degeneracion-218x300.jpg 218w\" sizes=\"auto, (max-width: 436px) 100vw, 436px\" \/><\/a><\/p>\n<h2>Degeneraci\u00f3n<\/h2>\n<h3>Spanish Translated<\/h3>\n<p>Publisher \u200f : \u200e Ediciones La C\u00fapula, S.L.; 1st edition (December 16, 2021)<br \/>\nLanguage \u200f : \u200e Spanish<br \/>\nPaperback \u200f : \u200e 188 pages<br \/>\nISBN-10 \u200f : \u200e 8418809124<br \/>\nISBN-13 \u200f : \u200e 978-8418809125<\/p>\n<p><a href=\"https:\/\/www.lacupula.com\/catalogo\/degeneracion-gengoroh-tagame\/\" rel=\"noopener\" target=\"_blank\">https:\/\/www.lacupula.com\/catalogo\/degeneracion-gengoroh-tagame\/<\/a><\/p>\n<blockquote><p>Una antolog\u00eda sin censuras del maestro del manga homoer\u00f3tico que a lo clandestino de sus tramas impone la m\u00e1s detallada osad\u00eda gr\u00e1fica imaginable.<\/p>\n<p>Solo hay un gozo que supere al de la dominaci\u00f3n y es el placer de ser humillado. En estas p\u00e1ginas tienen lugar deseos atroces y deambulan matrimonios atormentados, se profesa el sadomasoquismo extremo y se dan encuentros inconfesables, mucho m\u00e1s que er\u00f3ticos, basados en la pulsi\u00f3n obscena de explorar los l\u00edmites de cuerpo, psique y masculinidad. Una antolog\u00eda sin censuras que a lo clandestino de sus tramas impone la m\u00e1s detallada osad\u00eda gr\u00e1fica imaginable.<\/p>\n<p>Nacido en Jap\u00f3n en 1964, Gengoroh Tagame se form\u00f3 a principios de los a\u00f1os 80 como dise\u00f1ador gr\u00e1fico y desde entonces ha ido emple\u00e1ndose como director art\u00edstico en publicidad, ilustrador por encargo, historiador del arte especializado en erotismo nip\u00f3n y sobre todo dibujante de historietas. En ese \u00e1mbito ha firmado t\u00edtulos como la trilog\u00eda La casa de los herejes, obras de naturaleza extremada que muchos ya consideran cl\u00e1sicos modernos del manga homoer\u00f3tico.<\/p><\/blockquote>\n","protected":false},"excerpt":{"rendered":"<p>Degeneraci\u00f3n Spanish Translated Publisher \u200f : \u200e Ediciones La C\u00fapula, S.L.; 1st edition (December 16, 2021) Lan [&hellip;]<\/p>\n","protected":false},"author":1,"featured_media":0,"parent":718,"menu_order":0,"comment_status":"closed","ping_status":"closed","template":"","meta":{"footnotes":""},"class_list":["post-1877","page","type-page","status-publish","hentry"],"aioseo_notices":[],"_links":{"self":[{"href":"https:\/\/www.tagame.org\/enews\/wp-json\/wp\/v2\/pages\/1877","targetHints":{"allow":["GET"]}}],"collection":[{"href":"https:\/\/www.tagame.org\/enews\/wp-json\/wp\/v2\/pages"}],"about":[{"href":"https:\/\/www.tagame.org\/enews\/wp-json\/wp\/v2\/types\/page"}],"author":[{"embeddable":true,"href":"https:\/\/www.tagame.org\/enews\/wp-json\/wp\/v2\/users\/1"}],"replies":[{"embeddable":true,"href":"https:\/\/www.tagame.org\/enews\/wp-json\/wp\/v2\/comments?post=1877"}],"version-history":[{"count":1,"href":"https:\/\/www.tagame.org\/enews\/wp-json\/wp\/v2\/pages\/1877\/revisions"}],"predecessor-version":[{"id":1879,"href":"https:\/\/www.tagame.org\/enews\/wp-json\/wp\/v2\/pages\/1877\/revisions\/1879"}],"up":[{"embeddable":true,"href":"https:\/\/www.tagame.org\/enews\/wp-json\/wp\/v2\/pages\/718"}],"wp:attachment":[{"href":"https:\/\/www.tagame.org\/enews\/wp-json\/wp\/v2\/media?parent=1877"}],"curies":[{"name":"wp","href":"https:\/\/api.w.org\/{rel}","templated":true}]}}