{"id":1835,"date":"2021-09-16T06:03:00","date_gmt":"2021-09-15T21:03:00","guid":{"rendered":"http:\/\/www.tagame.org\/enews\/?page_id=1835"},"modified":"2023-06-04T17:10:18","modified_gmt":"2023-06-04T08:10:18","slug":"house-of-brutes-fra","status":"publish","type":"page","link":"https:\/\/www.tagame.org\/enews\/sample-page\/french-book\/house-of-brutes-fra\/","title":{"rendered":"House of Brutes (FRA)"},"content":{"rendered":"<p><a href=\"https:\/\/www.tagame.org\/enews\/wp-content\/uploads\/2021\/09\/cover.jpg\" rel=\"lightbox[1835]\"><img loading=\"lazy\" decoding=\"async\" src=\"https:\/\/www.tagame.org\/enews\/wp-content\/uploads\/2021\/09\/cover-211x300.jpg\" alt=\"\" width=\"211\" height=\"300\" class=\"alignnone size-medium wp-image-1825\" srcset=\"https:\/\/www.tagame.org\/enews\/wp-content\/uploads\/2021\/09\/cover-211x300.jpg 211w, https:\/\/www.tagame.org\/enews\/wp-content\/uploads\/2021\/09\/cover-423x600.jpg 423w, https:\/\/www.tagame.org\/enews\/wp-content\/uploads\/2021\/09\/cover-768x1090.jpg 768w, https:\/\/www.tagame.org\/enews\/wp-content\/uploads\/2021\/09\/cover-624x885.jpg 624w, https:\/\/www.tagame.org\/enews\/wp-content\/uploads\/2021\/09\/cover.jpg 800w\" sizes=\"auto, (max-width: 211px) 100vw, 211px\" \/><\/a><\/p>\n<h2>House of Brutes<\/h2>\n<h3>French translated<\/h3>\n<p>Released on both of printed book and e-book editions.<\/p>\n<p>[Volume 1]<br \/>\n\u00c9diteur \u200f : \u200e Dynamite; Illustrated \u00e9dition (16 septembre 2021)<br \/>\nLangue \u200f : \u200e Fran\u00e7ais<br \/>\nBroch\u00e9 \u200f : \u200e 260 pages<br \/>\nISBN-10 \u200f : \u200e 2362345408<br \/>\nISBN-13 \u200f : \u200e 978-2362345401<br \/>\nPoids de l&#8217;article \u200f : \u200e 400 g<br \/>\nDimensions \u200f : \u200e 15.1 x 2.9 x 21.2 cm<\/p>\n<p><a href=\"https:\/\/www.amazon.fr\/dp\/2362345408\/ref=cm_sw_em_r_mt_dp_AWVG7DYDQPHA49ZZBFE8\" rel=\"noopener\" target=\"_blank\">https:\/\/www.amazon.fr\/dp\/2362345408\/ref=cm_sw_em_r_mt_dp_AWVG7DYDQPHA49ZZBFE8<\/a><\/p>\n<p><a href=\"https:\/\/www.tagame.org\/enews\/wp-content\/uploads\/2022\/10\/gedo2-fra.jpg\" rel=\"lightbox[1835]\"><img loading=\"lazy\" decoding=\"async\" src=\"https:\/\/www.tagame.org\/enews\/wp-content\/uploads\/2022\/10\/gedo2-fra-211x300.jpg\" alt=\"\" width=\"211\" height=\"300\" class=\"alignnone size-medium wp-image-1922\" srcset=\"https:\/\/www.tagame.org\/enews\/wp-content\/uploads\/2022\/10\/gedo2-fra-211x300.jpg 211w, https:\/\/www.tagame.org\/enews\/wp-content\/uploads\/2022\/10\/gedo2-fra-423x600.jpg 423w, https:\/\/www.tagame.org\/enews\/wp-content\/uploads\/2022\/10\/gedo2-fra-768x1090.jpg 768w, https:\/\/www.tagame.org\/enews\/wp-content\/uploads\/2022\/10\/gedo2-fra-624x885.jpg 624w, https:\/\/www.tagame.org\/enews\/wp-content\/uploads\/2022\/10\/gedo2-fra.jpg 800w\" sizes=\"auto, (max-width: 211px) 100vw, 211px\" \/><\/a><\/p>\n<p>[Volume 2]<br \/>\n\u00c9diteur \u200f : \u200e Dynamite; Illustrated \u00e9dition (10 mars 2022)<br \/>\nLangue \u200f : \u200e Fran\u00e7ais<br \/>\nBroch\u00e9 \u200f : \u200e 259 pages<br \/>\nISBN-10 \u200f : \u200e 2362345491<br \/>\nISBN-13 \u200f : \u200e 978-2362345494<br \/>\n\u00c2ge de lecture \u200f : \u200e D\u00e8s 18 ans<br \/>\nPoids de l&#8217;article \u200f : \u200e 400 g<br \/>\nDimensions \u200f : \u200e 15 x 2.5 x 21.1 cm<\/p>\n<p><img loading=\"lazy\" decoding=\"async\" src=\"https:\/\/www.tagame.org\/enews\/wp-content\/uploads\/2023\/06\/houseofblutes3-211x300.jpg\" alt=\"\" width=\"211\" height=\"300\" class=\"alignnone size-medium wp-image-2014\" srcset=\"https:\/\/www.tagame.org\/enews\/wp-content\/uploads\/2023\/06\/houseofblutes3-211x300.jpg 211w, https:\/\/www.tagame.org\/enews\/wp-content\/uploads\/2023\/06\/houseofblutes3-423x600.jpg 423w, https:\/\/www.tagame.org\/enews\/wp-content\/uploads\/2023\/06\/houseofblutes3-768x1090.jpg 768w, https:\/\/www.tagame.org\/enews\/wp-content\/uploads\/2023\/06\/houseofblutes3-624x885.jpg 624w, https:\/\/www.tagame.org\/enews\/wp-content\/uploads\/2023\/06\/houseofblutes3.jpg 800w\" sizes=\"auto, (max-width: 211px) 100vw, 211px\" \/><\/p>\n<p>[Volume 3]<br \/>\n\u00c9diteur \u200f : \u200e Dynamite; Illustrated \u00e9dition (10 novembre 2022)<br \/>\nLangue \u200f : \u200e Fran\u00e7ais<br \/>\nBroch\u00e9 \u200f : \u200e 254 pages<br \/>\nISBN-10 \u200f : \u200e 2362345610<br \/>\nISBN-13 \u200f : \u200e 978-2362345616<br \/>\n\u00c2ge de lecture \u200f : \u200e D\u00e8s 18 ans<br \/>\nPoids de l&#8217;article \u200f : \u200e 410 g<br \/>\nDimensions \u200f : \u200e 15.2 x 2.6 x 21.1 cm<\/p>\n<blockquote><p><strong>PRIX SADE &#8220;BD&#8221; 2022 POUR LA S\u00c9RIE HOUSE OF BRUTES<\/strong><br \/>\nLe patriarche est mort. Le clan Hirokawa dispers\u00e9.<br \/>\nTorazou, rendu muet par les s\u00e9vices subis, devient le serviteur des anciens employ\u00e9s de maison. Il est humili\u00e9, renomm\u00e9, abus\u00e9 de nouveau. Et puis, comme une lumi\u00e8re au bout du tunnel, appara\u00eet ce fils qu&#8217;il avait oubli\u00e9 \u2013 le fils que le clan Hirokawa lui avait ordonn\u00e9 de donner \u00e0 sa premi\u00e8re \u00e9pouse. \u00c0 moins que cette apparition ne soit l&#8217;\u00e9ni\u00e8me rouage d&#8217;une implacable machinerie sadomasochiste, destin\u00e9e \u00e0 briser Torazou&#8230;<br \/>\nPrix Sade BD 2022 pour la s\u00e9rie House of Brutes.<\/p><\/blockquote>\n<p>Some sample pages. (The genitals on the images below are pixelated for internet uploading, but actual book is uncensored.)<br \/>\n<a href=\"https:\/\/www.tagame.org\/enews\/wp-content\/uploads\/2021\/09\/sample01.jpg\" rel=\"lightbox[1835]\"><img loading=\"lazy\" decoding=\"async\" src=\"https:\/\/www.tagame.org\/enews\/wp-content\/uploads\/2021\/09\/sample01-212x300.jpg\" alt=\"\" width=\"212\" height=\"300\" class=\"alignnone size-medium wp-image-1826\" srcset=\"https:\/\/www.tagame.org\/enews\/wp-content\/uploads\/2021\/09\/sample01-212x300.jpg 212w, https:\/\/www.tagame.org\/enews\/wp-content\/uploads\/2021\/09\/sample01-423x600.jpg 423w, https:\/\/www.tagame.org\/enews\/wp-content\/uploads\/2021\/09\/sample01-768x1089.jpg 768w, https:\/\/www.tagame.org\/enews\/wp-content\/uploads\/2021\/09\/sample01-624x885.jpg 624w, https:\/\/www.tagame.org\/enews\/wp-content\/uploads\/2021\/09\/sample01.jpg 846w\" sizes=\"auto, (max-width: 212px) 100vw, 212px\" \/><\/a><a href=\"https:\/\/www.tagame.org\/enews\/wp-content\/uploads\/2021\/09\/sample02.jpg\" rel=\"lightbox[1835]\"><img loading=\"lazy\" decoding=\"async\" src=\"https:\/\/www.tagame.org\/enews\/wp-content\/uploads\/2021\/09\/sample02-212x300.jpg\" alt=\"\" width=\"212\" height=\"300\" class=\"alignnone size-medium wp-image-1827\" srcset=\"https:\/\/www.tagame.org\/enews\/wp-content\/uploads\/2021\/09\/sample02-212x300.jpg 212w, https:\/\/www.tagame.org\/enews\/wp-content\/uploads\/2021\/09\/sample02-423x600.jpg 423w, https:\/\/www.tagame.org\/enews\/wp-content\/uploads\/2021\/09\/sample02-768x1089.jpg 768w, https:\/\/www.tagame.org\/enews\/wp-content\/uploads\/2021\/09\/sample02-624x885.jpg 624w, https:\/\/www.tagame.org\/enews\/wp-content\/uploads\/2021\/09\/sample02.jpg 846w\" sizes=\"auto, (max-width: 212px) 100vw, 212px\" \/><\/a><a href=\"https:\/\/www.tagame.org\/enews\/wp-content\/uploads\/2021\/09\/sample03.jpg\" rel=\"lightbox[1835]\"><img loading=\"lazy\" decoding=\"async\" src=\"https:\/\/www.tagame.org\/enews\/wp-content\/uploads\/2021\/09\/sample03-212x300.jpg\" alt=\"\" width=\"212\" height=\"300\" class=\"alignnone size-medium wp-image-1828\" srcset=\"https:\/\/www.tagame.org\/enews\/wp-content\/uploads\/2021\/09\/sample03-212x300.jpg 212w, https:\/\/www.tagame.org\/enews\/wp-content\/uploads\/2021\/09\/sample03-423x600.jpg 423w, https:\/\/www.tagame.org\/enews\/wp-content\/uploads\/2021\/09\/sample03-768x1089.jpg 768w, https:\/\/www.tagame.org\/enews\/wp-content\/uploads\/2021\/09\/sample03-624x885.jpg 624w, https:\/\/www.tagame.org\/enews\/wp-content\/uploads\/2021\/09\/sample03.jpg 846w\" sizes=\"auto, (max-width: 212px) 100vw, 212px\" \/><\/a><a href=\"https:\/\/www.tagame.org\/enews\/wp-content\/uploads\/2021\/09\/sample04.jpg\" rel=\"lightbox[1835]\"><img loading=\"lazy\" decoding=\"async\" src=\"https:\/\/www.tagame.org\/enews\/wp-content\/uploads\/2021\/09\/sample04-212x300.jpg\" alt=\"\" width=\"212\" height=\"300\" class=\"alignnone size-medium wp-image-1829\" srcset=\"https:\/\/www.tagame.org\/enews\/wp-content\/uploads\/2021\/09\/sample04-212x300.jpg 212w, https:\/\/www.tagame.org\/enews\/wp-content\/uploads\/2021\/09\/sample04-423x600.jpg 423w, https:\/\/www.tagame.org\/enews\/wp-content\/uploads\/2021\/09\/sample04-768x1089.jpg 768w, https:\/\/www.tagame.org\/enews\/wp-content\/uploads\/2021\/09\/sample04-624x885.jpg 624w, https:\/\/www.tagame.org\/enews\/wp-content\/uploads\/2021\/09\/sample04.jpg 846w\" sizes=\"auto, (max-width: 212px) 100vw, 212px\" \/><\/a><a href=\"https:\/\/www.tagame.org\/enews\/wp-content\/uploads\/2021\/09\/sample05.jpg\" rel=\"lightbox[1835]\"><img loading=\"lazy\" decoding=\"async\" src=\"https:\/\/www.tagame.org\/enews\/wp-content\/uploads\/2021\/09\/sample05-212x300.jpg\" alt=\"\" width=\"212\" height=\"300\" class=\"alignnone size-medium wp-image-1830\" srcset=\"https:\/\/www.tagame.org\/enews\/wp-content\/uploads\/2021\/09\/sample05-212x300.jpg 212w, https:\/\/www.tagame.org\/enews\/wp-content\/uploads\/2021\/09\/sample05-423x600.jpg 423w, https:\/\/www.tagame.org\/enews\/wp-content\/uploads\/2021\/09\/sample05-768x1089.jpg 768w, https:\/\/www.tagame.org\/enews\/wp-content\/uploads\/2021\/09\/sample05-624x885.jpg 624w, https:\/\/www.tagame.org\/enews\/wp-content\/uploads\/2021\/09\/sample05.jpg 846w\" sizes=\"auto, (max-width: 212px) 100vw, 212px\" \/><\/a><a href=\"https:\/\/www.tagame.org\/enews\/wp-content\/uploads\/2021\/09\/sample06.jpg\" rel=\"lightbox[1835]\"><img loading=\"lazy\" decoding=\"async\" src=\"https:\/\/www.tagame.org\/enews\/wp-content\/uploads\/2021\/09\/sample06-212x300.jpg\" alt=\"\" width=\"212\" height=\"300\" class=\"alignnone size-medium wp-image-1831\" srcset=\"https:\/\/www.tagame.org\/enews\/wp-content\/uploads\/2021\/09\/sample06-212x300.jpg 212w, https:\/\/www.tagame.org\/enews\/wp-content\/uploads\/2021\/09\/sample06-423x600.jpg 423w, https:\/\/www.tagame.org\/enews\/wp-content\/uploads\/2021\/09\/sample06-768x1089.jpg 768w, https:\/\/www.tagame.org\/enews\/wp-content\/uploads\/2021\/09\/sample06-624x885.jpg 624w, https:\/\/www.tagame.org\/enews\/wp-content\/uploads\/2021\/09\/sample06.jpg 846w\" sizes=\"auto, (max-width: 212px) 100vw, 212px\" \/><\/a><a href=\"https:\/\/www.tagame.org\/enews\/wp-content\/uploads\/2021\/09\/sample07.jpg\" rel=\"lightbox[1835]\"><img loading=\"lazy\" decoding=\"async\" src=\"https:\/\/www.tagame.org\/enews\/wp-content\/uploads\/2021\/09\/sample07-212x300.jpg\" alt=\"\" width=\"212\" height=\"300\" class=\"alignnone size-medium wp-image-1832\" srcset=\"https:\/\/www.tagame.org\/enews\/wp-content\/uploads\/2021\/09\/sample07-212x300.jpg 212w, https:\/\/www.tagame.org\/enews\/wp-content\/uploads\/2021\/09\/sample07-423x600.jpg 423w, https:\/\/www.tagame.org\/enews\/wp-content\/uploads\/2021\/09\/sample07-768x1089.jpg 768w, https:\/\/www.tagame.org\/enews\/wp-content\/uploads\/2021\/09\/sample07-624x885.jpg 624w, https:\/\/www.tagame.org\/enews\/wp-content\/uploads\/2021\/09\/sample07.jpg 846w\" sizes=\"auto, (max-width: 212px) 100vw, 212px\" \/><\/a><a href=\"https:\/\/www.tagame.org\/enews\/wp-content\/uploads\/2021\/09\/sample08.jpg\" rel=\"lightbox[1835]\"><img loading=\"lazy\" decoding=\"async\" src=\"https:\/\/www.tagame.org\/enews\/wp-content\/uploads\/2021\/09\/sample08-212x300.jpg\" alt=\"\" width=\"212\" height=\"300\" class=\"alignnone size-medium wp-image-1833\" srcset=\"https:\/\/www.tagame.org\/enews\/wp-content\/uploads\/2021\/09\/sample08-212x300.jpg 212w, https:\/\/www.tagame.org\/enews\/wp-content\/uploads\/2021\/09\/sample08-423x600.jpg 423w, https:\/\/www.tagame.org\/enews\/wp-content\/uploads\/2021\/09\/sample08-768x1089.jpg 768w, https:\/\/www.tagame.org\/enews\/wp-content\/uploads\/2021\/09\/sample08-624x885.jpg 624w, https:\/\/www.tagame.org\/enews\/wp-content\/uploads\/2021\/09\/sample08.jpg 846w\" sizes=\"auto, (max-width: 212px) 100vw, 212px\" \/><\/a><\/p>\n","protected":false},"excerpt":{"rendered":"<p>House of Brutes French translated Released on both of printed book and e-book editions. [Volume 1] \u00c9diteur \u200f : [&hellip;]<\/p>\n","protected":false},"author":1,"featured_media":0,"parent":714,"menu_order":0,"comment_status":"closed","ping_status":"closed","template":"","meta":{"footnotes":""},"class_list":["post-1835","page","type-page","status-publish","hentry"],"aioseo_notices":[],"_links":{"self":[{"href":"https:\/\/www.tagame.org\/enews\/wp-json\/wp\/v2\/pages\/1835","targetHints":{"allow":["GET"]}}],"collection":[{"href":"https:\/\/www.tagame.org\/enews\/wp-json\/wp\/v2\/pages"}],"about":[{"href":"https:\/\/www.tagame.org\/enews\/wp-json\/wp\/v2\/types\/page"}],"author":[{"embeddable":true,"href":"https:\/\/www.tagame.org\/enews\/wp-json\/wp\/v2\/users\/1"}],"replies":[{"embeddable":true,"href":"https:\/\/www.tagame.org\/enews\/wp-json\/wp\/v2\/comments?post=1835"}],"version-history":[{"count":5,"href":"https:\/\/www.tagame.org\/enews\/wp-json\/wp\/v2\/pages\/1835\/revisions"}],"predecessor-version":[{"id":2015,"href":"https:\/\/www.tagame.org\/enews\/wp-json\/wp\/v2\/pages\/1835\/revisions\/2015"}],"up":[{"embeddable":true,"href":"https:\/\/www.tagame.org\/enews\/wp-json\/wp\/v2\/pages\/714"}],"wp:attachment":[{"href":"https:\/\/www.tagame.org\/enews\/wp-json\/wp\/v2\/media?parent=1835"}],"curies":[{"name":"wp","href":"https:\/\/api.w.org\/{rel}","templated":true}]}}