{"id":1807,"date":"2021-06-29T15:29:59","date_gmt":"2021-06-29T06:29:59","guid":{"rendered":"http:\/\/www.tagame.org\/enews\/?page_id=1807"},"modified":"2021-06-29T15:29:59","modified_gmt":"2021-06-29T06:29:59","slug":"maz-mojego-brata","status":"publish","type":"page","link":"https:\/\/www.tagame.org\/enews\/sample-page\/polish-books\/maz-mojego-brata\/","title":{"rendered":"M\u0105\u017c mojego brata"},"content":{"rendered":"<p><a href=\"https:\/\/www.tagame.org\/enews\/wp-content\/uploads\/2021\/06\/pol1.jpeg\" rel=\"lightbox[1807]\"><img loading=\"lazy\" decoding=\"async\" src=\"https:\/\/www.tagame.org\/enews\/wp-content\/uploads\/2021\/06\/pol1-423x600.jpeg\" alt=\"\" width=\"423\" height=\"600\" class=\"alignnone size-large wp-image-1808\" srcset=\"https:\/\/www.tagame.org\/enews\/wp-content\/uploads\/2021\/06\/pol1-423x600.jpeg 423w, https:\/\/www.tagame.org\/enews\/wp-content\/uploads\/2021\/06\/pol1-212x300.jpeg 212w, https:\/\/www.tagame.org\/enews\/wp-content\/uploads\/2021\/06\/pol1.jpeg 500w\" sizes=\"auto, (max-width: 423px) 100vw, 423px\" \/><\/a><\/p>\n<h2>M\u0105\u017c mojego brata<\/h2>\n<h3>Polish translated edition<\/h3>\n<blockquote><p>Yaichi jest ojcem samotnie wychowuj\u0105cym c\u00f3rk\u0119 Kan\u0119. Pewnego dnia na progu jego domu pojawia si\u0119 Mike Flanagan, m\u0105\u017c jego zmar\u0142ego przed miesi\u0105cem brata bli\u017aniaka. Wizyta tego niezwyk\u0142ego go\u015bcia jest dla gospodarza niezr\u0119czna z wielu powod\u00f3w. Mike to ch\u0142op jak d\u0105b, Kanadyjczyk o usposobieniu zdecydowanie zbyt bezpo\u015brednim jak na japo\u0144skie standardy, a jakby tego by\u0142o ma\u0142o &#8211; gej. Bior\u0105c pod uwag\u0119, \u017ce Yaichi nie kontaktowa\u0142 si\u0119 z bratem przez ostatnie dziesi\u0119\u0107 lat, m\u0119\u017cczyzna zupe\u0142nie nie wie jak rozmawia\u0107 z nowo poznanym szwagrem. Tego problemu nie ma natomiast ma\u0142a Kana. Z miejsca akceptuje nowego wujka i bezceremonialnie proponuje, \u017ceby podczas pobytu w Japonii zamieszka\u0142 w ich domu. Czy Yaichi zdo\u0142a prze\u0142ama\u0107 swoje uprzedzenia i zaakceptowa\u0107 Mike\u2019a, a tak\u017ce dowiedzie\u0107 si\u0119, jakim naprawd\u0119 cz\u0142owiekiem by\u0142 jego w\u0142asny brat?<\/p>\n<p>Oto ciep\u0142a, s\u0142odko-gorzka opowie\u015b\u0107 o radzeniu sobie ze strat\u0105, a tak\u017ce o barierach, jakie buduj\u0105 krzywdz\u0105ce stereotypy. A przede wszystkim o tym, jak niewiele trzeba, \u017ceby je zburzy\u0107.<\/p>\n<p>Autor: Gengoroh Tagame<br \/>\nGatunek: Komedia, Obyczajowy, Seinen<br \/>\nLiczba tom\u00f3w: 4<\/p><\/blockquote>\n<p><a href=\"https:\/\/studiojg.pl\/M%C4%85%C5%BC_mojego_brata,189675.htm?nr=1\" rel=\"noopener\" target=\"_blank\">https:\/\/studiojg.pl\/M%C4%85%C5%BC_mojego_brata,189675.htm?nr=1<\/a><\/p>\n<p><a href=\"https:\/\/www.tagame.org\/enews\/wp-content\/uploads\/2021\/06\/pol2.jpeg\" rel=\"lightbox[1807]\"><img loading=\"lazy\" decoding=\"async\" src=\"https:\/\/www.tagame.org\/enews\/wp-content\/uploads\/2021\/06\/pol2-423x600.jpeg\" alt=\"\" width=\"423\" height=\"600\" class=\"alignnone size-large wp-image-1810\" srcset=\"https:\/\/www.tagame.org\/enews\/wp-content\/uploads\/2021\/06\/pol2-423x600.jpeg 423w, https:\/\/www.tagame.org\/enews\/wp-content\/uploads\/2021\/06\/pol2-212x300.jpeg 212w, https:\/\/www.tagame.org\/enews\/wp-content\/uploads\/2021\/06\/pol2.jpeg 500w\" sizes=\"auto, (max-width: 423px) 100vw, 423px\" \/><\/a><a href=\"https:\/\/www.tagame.org\/enews\/wp-content\/uploads\/2021\/06\/pol3.jpeg\" rel=\"lightbox[1807]\"><img loading=\"lazy\" decoding=\"async\" src=\"https:\/\/www.tagame.org\/enews\/wp-content\/uploads\/2021\/06\/pol3-423x600.jpeg\" alt=\"\" width=\"423\" height=\"600\" class=\"alignnone size-large wp-image-1811\" srcset=\"https:\/\/www.tagame.org\/enews\/wp-content\/uploads\/2021\/06\/pol3-423x600.jpeg 423w, https:\/\/www.tagame.org\/enews\/wp-content\/uploads\/2021\/06\/pol3-212x300.jpeg 212w, https:\/\/www.tagame.org\/enews\/wp-content\/uploads\/2021\/06\/pol3.jpeg 500w\" sizes=\"auto, (max-width: 423px) 100vw, 423px\" \/><\/a><a href=\"https:\/\/www.tagame.org\/enews\/wp-content\/uploads\/2021\/06\/pol4.jpeg\" rel=\"lightbox[1807]\"><img loading=\"lazy\" decoding=\"async\" src=\"https:\/\/www.tagame.org\/enews\/wp-content\/uploads\/2021\/06\/pol4-423x600.jpeg\" alt=\"\" width=\"423\" height=\"600\" class=\"alignnone size-large wp-image-1812\" srcset=\"https:\/\/www.tagame.org\/enews\/wp-content\/uploads\/2021\/06\/pol4-423x600.jpeg 423w, https:\/\/www.tagame.org\/enews\/wp-content\/uploads\/2021\/06\/pol4-212x300.jpeg 212w, https:\/\/www.tagame.org\/enews\/wp-content\/uploads\/2021\/06\/pol4.jpeg 500w\" sizes=\"auto, (max-width: 423px) 100vw, 423px\" \/><\/a><a href=\"https:\/\/www.tagame.org\/enews\/wp-content\/uploads\/2021\/06\/polinner.jpg\" rel=\"lightbox[1807]\"><img loading=\"lazy\" decoding=\"async\" src=\"https:\/\/www.tagame.org\/enews\/wp-content\/uploads\/2021\/06\/polinner-600x600.jpg\" alt=\"\" width=\"600\" height=\"600\" class=\"alignnone size-large wp-image-1813\" srcset=\"https:\/\/www.tagame.org\/enews\/wp-content\/uploads\/2021\/06\/polinner-600x600.jpg 600w, https:\/\/www.tagame.org\/enews\/wp-content\/uploads\/2021\/06\/polinner-300x300.jpg 300w, https:\/\/www.tagame.org\/enews\/wp-content\/uploads\/2021\/06\/polinner-150x150.jpg 150w, https:\/\/www.tagame.org\/enews\/wp-content\/uploads\/2021\/06\/polinner-768x768.jpg 768w, https:\/\/www.tagame.org\/enews\/wp-content\/uploads\/2021\/06\/polinner-144x144.jpg 144w, https:\/\/www.tagame.org\/enews\/wp-content\/uploads\/2021\/06\/polinner-624x624.jpg 624w, https:\/\/www.tagame.org\/enews\/wp-content\/uploads\/2021\/06\/polinner.jpg 1200w\" sizes=\"auto, (max-width: 600px) 100vw, 600px\" \/><\/a><a href=\"https:\/\/www.tagame.org\/enews\/wp-content\/uploads\/2021\/06\/polnov1.jpg\" rel=\"lightbox[1807]\"><img loading=\"lazy\" decoding=\"async\" src=\"https:\/\/www.tagame.org\/enews\/wp-content\/uploads\/2021\/06\/polnov1-600x600.jpg\" alt=\"\" width=\"600\" height=\"600\" class=\"alignnone size-large wp-image-1814\" srcset=\"https:\/\/www.tagame.org\/enews\/wp-content\/uploads\/2021\/06\/polnov1-600x600.jpg 600w, https:\/\/www.tagame.org\/enews\/wp-content\/uploads\/2021\/06\/polnov1-300x300.jpg 300w, https:\/\/www.tagame.org\/enews\/wp-content\/uploads\/2021\/06\/polnov1-150x150.jpg 150w, https:\/\/www.tagame.org\/enews\/wp-content\/uploads\/2021\/06\/polnov1-768x768.jpg 768w, https:\/\/www.tagame.org\/enews\/wp-content\/uploads\/2021\/06\/polnov1-144x144.jpg 144w, https:\/\/www.tagame.org\/enews\/wp-content\/uploads\/2021\/06\/polnov1-624x624.jpg 624w, https:\/\/www.tagame.org\/enews\/wp-content\/uploads\/2021\/06\/polnov1.jpg 1200w\" sizes=\"auto, (max-width: 600px) 100vw, 600px\" \/><\/a><a href=\"https:\/\/www.tagame.org\/enews\/wp-content\/uploads\/2021\/06\/polnov2.jpg\" rel=\"lightbox[1807]\"><img loading=\"lazy\" decoding=\"async\" src=\"https:\/\/www.tagame.org\/enews\/wp-content\/uploads\/2021\/06\/polnov2-600x600.jpg\" alt=\"\" width=\"600\" height=\"600\" class=\"alignnone size-large wp-image-1815\" srcset=\"https:\/\/www.tagame.org\/enews\/wp-content\/uploads\/2021\/06\/polnov2-600x600.jpg 600w, https:\/\/www.tagame.org\/enews\/wp-content\/uploads\/2021\/06\/polnov2-300x300.jpg 300w, https:\/\/www.tagame.org\/enews\/wp-content\/uploads\/2021\/06\/polnov2-150x150.jpg 150w, https:\/\/www.tagame.org\/enews\/wp-content\/uploads\/2021\/06\/polnov2-768x768.jpg 768w, https:\/\/www.tagame.org\/enews\/wp-content\/uploads\/2021\/06\/polnov2-144x144.jpg 144w, https:\/\/www.tagame.org\/enews\/wp-content\/uploads\/2021\/06\/polnov2-624x624.jpg 624w, https:\/\/www.tagame.org\/enews\/wp-content\/uploads\/2021\/06\/polnov2.jpg 1200w\" sizes=\"auto, (max-width: 600px) 100vw, 600px\" \/><\/a><\/p>\n","protected":false},"excerpt":{"rendered":"<p>M\u0105\u017c mojego brata Polish translated edition Yaichi jest ojcem samotnie wychowuj\u0105cym c\u00f3rk\u0119 Kan\u0119. Pewnego dnia na [&hellip;]<\/p>\n","protected":false},"author":1,"featured_media":0,"parent":1805,"menu_order":0,"comment_status":"closed","ping_status":"closed","template":"","meta":{"footnotes":""},"class_list":["post-1807","page","type-page","status-publish","hentry"],"aioseo_notices":[],"_links":{"self":[{"href":"https:\/\/www.tagame.org\/enews\/wp-json\/wp\/v2\/pages\/1807","targetHints":{"allow":["GET"]}}],"collection":[{"href":"https:\/\/www.tagame.org\/enews\/wp-json\/wp\/v2\/pages"}],"about":[{"href":"https:\/\/www.tagame.org\/enews\/wp-json\/wp\/v2\/types\/page"}],"author":[{"embeddable":true,"href":"https:\/\/www.tagame.org\/enews\/wp-json\/wp\/v2\/users\/1"}],"replies":[{"embeddable":true,"href":"https:\/\/www.tagame.org\/enews\/wp-json\/wp\/v2\/comments?post=1807"}],"version-history":[{"count":2,"href":"https:\/\/www.tagame.org\/enews\/wp-json\/wp\/v2\/pages\/1807\/revisions"}],"predecessor-version":[{"id":1816,"href":"https:\/\/www.tagame.org\/enews\/wp-json\/wp\/v2\/pages\/1807\/revisions\/1816"}],"up":[{"embeddable":true,"href":"https:\/\/www.tagame.org\/enews\/wp-json\/wp\/v2\/pages\/1805"}],"wp:attachment":[{"href":"https:\/\/www.tagame.org\/enews\/wp-json\/wp\/v2\/media?parent=1807"}],"curies":[{"name":"wp","href":"https:\/\/api.w.org\/{rel}","templated":true}]}}