{"id":1703,"date":"2020-10-10T23:08:54","date_gmt":"2020-10-10T14:08:54","guid":{"rendered":"http:\/\/www.tagame.org\/enews\/?page_id=1703"},"modified":"2024-04-03T20:02:45","modified_gmt":"2024-04-03T11:02:45","slug":"unsere-farben-ger","status":"publish","type":"page","link":"https:\/\/www.tagame.org\/enews\/sample-page\/german-books\/unsere-farben-ger\/","title":{"rendered":"Unsere Farben (GER)"},"content":{"rendered":"<h2>Unsere Farben<\/h2>\n<h3>German Translated<\/h3>\n<p><a href=\"https:\/\/www.tagame.org\/enews\/wp-content\/uploads\/2020\/10\/cover.jpg\" rel=\"lightbox[1703]\"><img loading=\"lazy\" decoding=\"async\" src=\"https:\/\/www.tagame.org\/enews\/wp-content\/uploads\/2020\/10\/cover-414x600.jpg\" alt=\"\" width=\"414\" height=\"600\" class=\"size-large wp-image-1704\" srcset=\"https:\/\/www.tagame.org\/enews\/wp-content\/uploads\/2020\/10\/cover-414x600.jpg 414w, https:\/\/www.tagame.org\/enews\/wp-content\/uploads\/2020\/10\/cover-207x300.jpg 207w, https:\/\/www.tagame.org\/enews\/wp-content\/uploads\/2020\/10\/cover-768x1113.jpg 768w, https:\/\/www.tagame.org\/enews\/wp-content\/uploads\/2020\/10\/cover-1060x1536.jpg 1060w, https:\/\/www.tagame.org\/enews\/wp-content\/uploads\/2020\/10\/cover-624x904.jpg 624w, https:\/\/www.tagame.org\/enews\/wp-content\/uploads\/2020\/10\/cover.jpg 1413w\" sizes=\"auto, (max-width: 414px) 100vw, 414px\" \/><\/a><br \/>\n[Volume 1]<br \/>\nHerausgeber \u200f : \u200e Carlsen Manga; 1. Edition (29. September 2020)<br \/>\nSprache \u200f : \u200e Deutsch<br \/>\nTaschenbuch \u200f : \u200e 176 Seiten<br \/>\nISBN-10 \u200f : \u200e 3551767467<br \/>\nISBN-13 \u200f : \u200e 978-3551767462<br \/>\nLesealter \u200f : \u200e Ab 15 Jahren<br \/>\nOriginaltitel \u200f : \u200e Bokura no Shikisai<br \/>\nAbmessungen \u200f : \u200e 14.5 x 1.45 x 21 cm<br \/>\n<a href=\"https:\/\/amzn.eu\/d\/hIXaTEi\" rel=\"noopener\" target=\"_blank\">https:\/\/amzn.eu\/d\/hIXaTEi<\/a><\/p>\n<p><a href=\"https:\/\/www.tagame.org\/enews\/wp-content\/uploads\/2024\/04\/UnsereFarben2.jpg\" rel=\"lightbox[1703]\"><img loading=\"lazy\" decoding=\"async\" src=\"https:\/\/www.tagame.org\/enews\/wp-content\/uploads\/2024\/04\/UnsereFarben2-415x600.jpg\" alt=\"\" width=\"415\" height=\"600\" class=\"alignnone size-large wp-image-2054\" srcset=\"https:\/\/www.tagame.org\/enews\/wp-content\/uploads\/2024\/04\/UnsereFarben2-415x600.jpg 415w, https:\/\/www.tagame.org\/enews\/wp-content\/uploads\/2024\/04\/UnsereFarben2-208x300.jpg 208w, https:\/\/www.tagame.org\/enews\/wp-content\/uploads\/2024\/04\/UnsereFarben2-768x1110.jpg 768w, https:\/\/www.tagame.org\/enews\/wp-content\/uploads\/2024\/04\/UnsereFarben2-624x902.jpg 624w, https:\/\/www.tagame.org\/enews\/wp-content\/uploads\/2024\/04\/UnsereFarben2.jpg 1038w\" sizes=\"auto, (max-width: 415px) 100vw, 415px\" \/><\/a><br \/>\n[Volume 2]<br \/>\nHerausgeber \u200f : \u200e Carlsen Manga; 1. Edition (22. Dezember 2020)<br \/>\nSprache \u200f : \u200e Deutsch<br \/>\nTaschenbuch \u200f : \u200e 176 Seiten<br \/>\nISBN-10 \u200f : \u200e 3551767475<br \/>\nISBN-13 \u200f : \u200e 978-3551767479<br \/>\nLesealter \u200f : \u200e Ab 15 Jahren<br \/>\nOriginaltitel \u200f : \u200e Bokura no Shikisai<br \/>\nAbmessungen \u200f : \u200e 14.4 x 21 x 1.5 cm<br \/>\n<a href=\"https:\/\/amzn.eu\/d\/gaqCU4R\" rel=\"noopener\" target=\"_blank\">https:\/\/amzn.eu\/d\/gaqCU4R<\/a><\/p>\n<p><a href=\"https:\/\/www.tagame.org\/enews\/wp-content\/uploads\/2024\/04\/UnsereFarben3.jpg\" rel=\"lightbox[1703]\"><img loading=\"lazy\" decoding=\"async\" src=\"https:\/\/www.tagame.org\/enews\/wp-content\/uploads\/2024\/04\/UnsereFarben3-414x600.jpg\" alt=\"\" width=\"414\" height=\"600\" class=\"alignnone size-large wp-image-2056\" srcset=\"https:\/\/www.tagame.org\/enews\/wp-content\/uploads\/2024\/04\/UnsereFarben3-414x600.jpg 414w, https:\/\/www.tagame.org\/enews\/wp-content\/uploads\/2024\/04\/UnsereFarben3-207x300.jpg 207w, https:\/\/www.tagame.org\/enews\/wp-content\/uploads\/2024\/04\/UnsereFarben3-768x1112.jpg 768w, https:\/\/www.tagame.org\/enews\/wp-content\/uploads\/2024\/04\/UnsereFarben3-624x903.jpg 624w, https:\/\/www.tagame.org\/enews\/wp-content\/uploads\/2024\/04\/UnsereFarben3.jpg 1036w\" sizes=\"auto, (max-width: 414px) 100vw, 414px\" \/><\/a><br \/>\n[Volume 3]<br \/>\nHerausgeber \u200f : \u200e Carlsen Manga; 1. Edition (1. Juni 2021)<br \/>\nSprache \u200f : \u200e Deutsch<br \/>\nTaschenbuch \u200f : \u200e 176 Seiten<br \/>\nISBN-10 \u200f : \u200e 3551767483<br \/>\nISBN-13 \u200f : \u200e 978-3551767486<br \/>\nLesealter \u200f : \u200e Ab 15 Jahren<br \/>\nOriginaltitel \u200f : \u200e Bokura no Shikisai<br \/>\nAbmessungen \u200f : \u200e 14.4 x 21 x 1.8 cm<br \/>\n<a href=\"https:\/\/amzn.eu\/d\/iS9voRo\" rel=\"noopener\" target=\"_blank\">https:\/\/amzn.eu\/d\/iS9voRo<\/a><\/p>\n<blockquote><p>Unter einem Himmel aus Regenbogenfarben<br \/>\nAuf poetische Weise beschreibt Gengoroh Tagame, welcher Sch\u00f6pfer der preisgekr\u00f6nten Serie \u00bbDer Mann meines Bruders\u00ab ist, in diesem packenden LGBTQ-Manga die Geschichte eines schwulen Teenagers. W\u00e4hrend sich seine Klassenkameraden \u00fcber Homosexuelle lustig machen, h\u00e4lt Sora aus Angst vor Ablehnung sein wahres Ich geheim. Hinter einer Maske versteckt er deshalb seine Gef\u00fchle f\u00fcr seinen Mitsch\u00fcler Yoshioka.<\/p>\n<p>Konfrontiert mit den Erwartungen, die sein Umfeld an ihn stellt, beschreibt dieser Coming-of-Age-Manga (Bezeichnung f\u00fcr &#8220;Erwachsen werden&#8221;) die Gef\u00fchle eines Teenagers, der mit seiner Sexualit\u00e4t hadert. Als Sora zuf\u00e4llig einem \u00e4lteren Herrn begegnet, wird dieser f\u00fcr ihn zum Mentor und begleitet ihn auf seiner Reise in Richtung Selbstfindung und Selbstakzeptanz.<\/p>\n<p>Der Slice-of-Life-Manga (Bezeichnung f\u00fcr &#8220;aus dem Leben&#8221;) ist in 3 B\u00e4nden abgeschlossen.<\/p><\/blockquote>\n","protected":false},"excerpt":{"rendered":"<p>Unsere Farben German Translated [Volume 1] Herausgeber \u200f : \u200e Carlsen Manga; 1. Edition (29. September 2020) Sp [&hellip;]<\/p>\n","protected":false},"author":1,"featured_media":0,"parent":1281,"menu_order":0,"comment_status":"closed","ping_status":"closed","template":"","meta":{"footnotes":""},"class_list":["post-1703","page","type-page","status-publish","hentry"],"aioseo_notices":[],"_links":{"self":[{"href":"https:\/\/www.tagame.org\/enews\/wp-json\/wp\/v2\/pages\/1703","targetHints":{"allow":["GET"]}}],"collection":[{"href":"https:\/\/www.tagame.org\/enews\/wp-json\/wp\/v2\/pages"}],"about":[{"href":"https:\/\/www.tagame.org\/enews\/wp-json\/wp\/v2\/types\/page"}],"author":[{"embeddable":true,"href":"https:\/\/www.tagame.org\/enews\/wp-json\/wp\/v2\/users\/1"}],"replies":[{"embeddable":true,"href":"https:\/\/www.tagame.org\/enews\/wp-json\/wp\/v2\/comments?post=1703"}],"version-history":[{"count":3,"href":"https:\/\/www.tagame.org\/enews\/wp-json\/wp\/v2\/pages\/1703\/revisions"}],"predecessor-version":[{"id":2057,"href":"https:\/\/www.tagame.org\/enews\/wp-json\/wp\/v2\/pages\/1703\/revisions\/2057"}],"up":[{"embeddable":true,"href":"https:\/\/www.tagame.org\/enews\/wp-json\/wp\/v2\/pages\/1281"}],"wp:attachment":[{"href":"https:\/\/www.tagame.org\/enews\/wp-json\/wp\/v2\/media?parent=1703"}],"curies":[{"name":"wp","href":"https:\/\/api.w.org\/{rel}","templated":true}]}}