{"id":1585,"date":"2020-04-29T22:05:05","date_gmt":"2020-04-29T13:05:05","guid":{"rendered":"http:\/\/www.tagame.org\/enews\/?page_id=1585"},"modified":"2021-09-16T18:40:26","modified_gmt":"2021-09-16T09:40:26","slug":"ttbm-fra","status":"publish","type":"page","link":"https:\/\/www.tagame.org\/enews\/sample-page\/french-book\/ttbm-fra\/","title":{"rendered":"TTBM (FRA)"},"content":{"rendered":"<p><a href=\"https:\/\/www.tagame.org\/enews\/wp-content\/uploads\/2020\/04\/TTBM.jpg\" rel=\"lightbox[1585]\"><img loading=\"lazy\" decoding=\"async\" src=\"https:\/\/www.tagame.org\/enews\/wp-content\/uploads\/2020\/04\/TTBM-447x600.jpg\" alt=\"\" width=\"447\" height=\"600\" class=\"alignnone size-large wp-image-1586\" srcset=\"https:\/\/www.tagame.org\/enews\/wp-content\/uploads\/2020\/04\/TTBM-447x600.jpg 447w, https:\/\/www.tagame.org\/enews\/wp-content\/uploads\/2020\/04\/TTBM-223x300.jpg 223w, https:\/\/www.tagame.org\/enews\/wp-content\/uploads\/2020\/04\/TTBM-768x1032.jpg 768w, https:\/\/www.tagame.org\/enews\/wp-content\/uploads\/2020\/04\/TTBM-624x839.jpg 624w, https:\/\/www.tagame.org\/enews\/wp-content\/uploads\/2020\/04\/TTBM.jpg 800w\" sizes=\"auto, (max-width: 447px) 100vw, 447px\" \/><\/a><\/p>\n<h2>TTBM &#8211; La Compilation de BD gay Tr\u00e8s Tr\u00e8s Bien Mont\u00e9e<\/h2>\n<h3>Gay adult comic anthology in French<\/h3>\n<blockquote><p>Au sommaire :<br \/>\nGengoroh Tagame (la star internationale du genre, avec une histoire de 16 pages in\u00e9dite en France) ;<br \/>\nKazuhide Ichikawa (mangaka de renom, histoire de 24 pages in\u00e9dite) ;<br \/>\nDale Lazarov (pionnier du comics gay, histoire de 8 pages in\u00e9dite) ;<br \/>\nMavado Charon (prix Sade 2018 pour Dirty, histoire de 24 pages in\u00e9dite) ;<br \/>\nZack (USA, histoire de 12 pages in\u00e9dite) ;<br \/>\nthe Amir (Italie, histoire de 24 pages in\u00e9dite) ;<br \/>\nRoscoe (USA) ;<br \/>\nGhuraok (Belgique) ;<br \/>\nSat (France) ;<br \/>\nVicktor (France) ;<br \/>\nGigan (France) ;<br \/>\nCLX (France) ;<br \/>\nFabrissou (France).<br \/>\nLa couverture est sign\u00e9e Gengoroh Tagame.<\/p><\/blockquote>\n<p>Paperback: 210 pages<br \/>\nPublisher: Dynamite (March 12, 2020)<br \/>\nCollection: Sexplosive!<br \/>\nLanguage: French<br \/>\nISBN-10: 2362345076<br \/>\nISBN-13: 978-2362345074<br \/>\nProduct Dimensions: 16.2 x 1.7 x 21.6 cm<\/p>\n<p>[Shopping Link]<br \/>\nAmazon France<br \/>\n<a href=\"https:\/\/www.amazon.fr\/dp\/2362345076\/ref=cm_sw_em_r_mt_dp_U_FGxQEbWYKBYBX\" rel=\"noopener noreferrer\" target=\"_blank\">https:\/\/www.amazon.fr\/dp\/2362345076\/ref=cm_sw_em_r_mt_dp_U_FGxQEbWYKBYBX<\/a><\/p>\n<p>Les Mots A La Bouche<br \/>\n<a href=\"https:\/\/motsbouche.com\/bd\/28757-parution-le-12-mars-ttbm-la-compilation-de-bd-gay-tres-tres-bien-montee.html\" rel=\"noopener noreferrer\" target=\"_blank\">https:\/\/motsbouche.com\/bd\/28757-parution-le-12-mars-ttbm-la-compilation-de-bd-gay-tres-tres-bien-montee.html<\/a><\/p>\n<p><a href=\"https:\/\/www.tagame.org\/enews\/wp-content\/uploads\/2020\/04\/ttbm02.jpeg\" rel=\"lightbox[1585]\"><img loading=\"lazy\" decoding=\"async\" src=\"https:\/\/www.tagame.org\/enews\/wp-content\/uploads\/2020\/04\/ttbm02-600x600.jpeg\" alt=\"\" width=\"600\" height=\"600\" class=\"alignnone size-large wp-image-1590\" srcset=\"https:\/\/www.tagame.org\/enews\/wp-content\/uploads\/2020\/04\/ttbm02-600x600.jpeg 600w, https:\/\/www.tagame.org\/enews\/wp-content\/uploads\/2020\/04\/ttbm02-300x300.jpeg 300w, https:\/\/www.tagame.org\/enews\/wp-content\/uploads\/2020\/04\/ttbm02-150x150.jpeg 150w, https:\/\/www.tagame.org\/enews\/wp-content\/uploads\/2020\/04\/ttbm02-768x768.jpeg 768w, https:\/\/www.tagame.org\/enews\/wp-content\/uploads\/2020\/04\/ttbm02-144x144.jpeg 144w, https:\/\/www.tagame.org\/enews\/wp-content\/uploads\/2020\/04\/ttbm02-624x624.jpeg 624w, https:\/\/www.tagame.org\/enews\/wp-content\/uploads\/2020\/04\/ttbm02.jpeg 1024w\" sizes=\"auto, (max-width: 600px) 100vw, 600px\" \/><\/a><\/p>\n<h2>TTBM2<\/h2>\n<p><a href=\"https:\/\/www.tagame.org\/enews\/wp-content\/uploads\/2021\/09\/TTBM2.jpg\" rel=\"lightbox[1585]\"><img loading=\"lazy\" decoding=\"async\" src=\"https:\/\/www.tagame.org\/enews\/wp-content\/uploads\/2021\/09\/TTBM2-449x600.jpg\" alt=\"\" width=\"449\" height=\"600\" class=\"alignnone size-large wp-image-1840\" srcset=\"https:\/\/www.tagame.org\/enews\/wp-content\/uploads\/2021\/09\/TTBM2-449x600.jpg 449w, https:\/\/www.tagame.org\/enews\/wp-content\/uploads\/2021\/09\/TTBM2-225x300.jpg 225w, https:\/\/www.tagame.org\/enews\/wp-content\/uploads\/2021\/09\/TTBM2-768x1025.jpg 768w, https:\/\/www.tagame.org\/enews\/wp-content\/uploads\/2021\/09\/TTBM2-624x833.jpg 624w, https:\/\/www.tagame.org\/enews\/wp-content\/uploads\/2021\/09\/TTBM2.jpg 800w\" sizes=\"auto, (max-width: 449px) 100vw, 449px\" \/><\/a><\/p>\n<blockquote><p>Gengoroh Tagame<br \/>\nPatrick Fillion<br \/>\nDavid Cantero<br \/>\nPochep<br \/>\nFabrice Neaud<br \/>\nSaldana &#038; Dom\u00e9nech<br \/>\nMartin Sebas<br \/>\nRubo<br \/>\nAke<br \/>\nJean-Frederic Kon\u00e9<br \/>\nJean-Paul Jennequin<br \/>\nGustave Auguste<br \/>\nMarialexie<\/p><\/blockquote>\n<p>\u00c9diteur \u200f : \u200e Dynamite (16 septembre 2021)<br \/>\nLangue \u200f : \u200e Fran\u00e7ais<br \/>\nBroch\u00e9 \u200f : \u200e 213 pages<br \/>\nISBN-10 \u200f : \u200e 2362345394<br \/>\nISBN-13 \u200f : \u200e 978-2362345395<br \/>\nPoids de l&#8217;article \u200f : \u200e 499 g<br \/>\nDimensions \u200f : \u200e 16.3 x 1.7 x 21.7 cm<\/p>\n<p>My work: Dissolve (French translated)<br \/>\n<a href=\"https:\/\/www.tagame.org\/enews\/wp-content\/uploads\/2021\/09\/TTBM2-sample.jpg\" rel=\"lightbox[1585]\"><img loading=\"lazy\" decoding=\"async\" src=\"https:\/\/www.tagame.org\/enews\/wp-content\/uploads\/2021\/09\/TTBM2-sample-600x600.jpg\" alt=\"\" width=\"600\" height=\"600\" class=\"alignnone size-large wp-image-1841\" srcset=\"https:\/\/www.tagame.org\/enews\/wp-content\/uploads\/2021\/09\/TTBM2-sample-600x600.jpg 600w, https:\/\/www.tagame.org\/enews\/wp-content\/uploads\/2021\/09\/TTBM2-sample-300x300.jpg 300w, https:\/\/www.tagame.org\/enews\/wp-content\/uploads\/2021\/09\/TTBM2-sample-150x150.jpg 150w, https:\/\/www.tagame.org\/enews\/wp-content\/uploads\/2021\/09\/TTBM2-sample-768x768.jpg 768w, https:\/\/www.tagame.org\/enews\/wp-content\/uploads\/2021\/09\/TTBM2-sample-144x144.jpg 144w, https:\/\/www.tagame.org\/enews\/wp-content\/uploads\/2021\/09\/TTBM2-sample-624x624.jpg 624w, https:\/\/www.tagame.org\/enews\/wp-content\/uploads\/2021\/09\/TTBM2-sample.jpg 1200w\" sizes=\"auto, (max-width: 600px) 100vw, 600px\" \/><\/a><\/p>\n","protected":false},"excerpt":{"rendered":"<p>TTBM &#8211; La Compilation de BD gay Tr\u00e8s Tr\u00e8s Bien Mont\u00e9e Gay adult comic anthology in French Au sommaire :  [&hellip;]<\/p>\n","protected":false},"author":1,"featured_media":0,"parent":714,"menu_order":0,"comment_status":"closed","ping_status":"closed","template":"","meta":{"footnotes":""},"class_list":["post-1585","page","type-page","status-publish","hentry"],"aioseo_notices":[],"_links":{"self":[{"href":"https:\/\/www.tagame.org\/enews\/wp-json\/wp\/v2\/pages\/1585","targetHints":{"allow":["GET"]}}],"collection":[{"href":"https:\/\/www.tagame.org\/enews\/wp-json\/wp\/v2\/pages"}],"about":[{"href":"https:\/\/www.tagame.org\/enews\/wp-json\/wp\/v2\/types\/page"}],"author":[{"embeddable":true,"href":"https:\/\/www.tagame.org\/enews\/wp-json\/wp\/v2\/users\/1"}],"replies":[{"embeddable":true,"href":"https:\/\/www.tagame.org\/enews\/wp-json\/wp\/v2\/comments?post=1585"}],"version-history":[{"count":9,"href":"https:\/\/www.tagame.org\/enews\/wp-json\/wp\/v2\/pages\/1585\/revisions"}],"predecessor-version":[{"id":1846,"href":"https:\/\/www.tagame.org\/enews\/wp-json\/wp\/v2\/pages\/1585\/revisions\/1846"}],"up":[{"embeddable":true,"href":"https:\/\/www.tagame.org\/enews\/wp-json\/wp\/v2\/pages\/714"}],"wp:attachment":[{"href":"https:\/\/www.tagame.org\/enews\/wp-json\/wp\/v2\/media?parent=1585"}],"curies":[{"name":"wp","href":"https:\/\/api.w.org\/{rel}","templated":true}]}}