{"id":1436,"date":"2019-11-21T18:56:34","date_gmt":"2019-11-21T09:56:34","guid":{"rendered":"http:\/\/www.tagame.org\/enews\/?page_id=1436"},"modified":"2020-10-10T23:33:24","modified_gmt":"2020-10-10T14:33:24","slug":"chong-cua-em-toi-vie","status":"publish","type":"page","link":"https:\/\/www.tagame.org\/enews\/sample-page\/vietnamese-books\/chong-cua-em-toi-vie\/","title":{"rendered":"Ch\u1ed3ng C\u1ee7a Em T\u00f4i (VIE)"},"content":{"rendered":"<p><a href=\"https:\/\/www.tagame.org\/enews\/wp-content\/uploads\/2019\/11\/Vietnam1.jpg\" rel=\"lightbox[1436]\"><img loading=\"lazy\" decoding=\"async\" src=\"https:\/\/www.tagame.org\/enews\/wp-content\/uploads\/2019\/11\/Vietnam1.jpg\" alt=\"\" width=\"414\" height=\"581\" class=\"alignnone size-full wp-image-1437\" srcset=\"https:\/\/www.tagame.org\/enews\/wp-content\/uploads\/2019\/11\/Vietnam1.jpg 414w, https:\/\/www.tagame.org\/enews\/wp-content\/uploads\/2019\/11\/Vietnam1-214x300.jpg 214w\" sizes=\"auto, (max-width: 414px) 100vw, 414px\" \/><\/a><\/p>\n<h1>Ch\u1ed3ng C\u1ee7a Em T\u00f4i<\/h1>\n<h2>Vietnamese translated<\/h2>\n<blockquote><p>Ch\u1ed3ng C\u1ee7a Em T\u00f4i T\u1eadp 1<br \/>\nC\u00f4ng ty ph\u00e1t h\u00e0nh: SkyComics<br \/>\nT\u00e1c gi\u1ea3: Gengoroh Tagame<br \/>\nNg\u00e0y xu\u1ea5t b\u1ea3n: 10-2019<br \/>\nK\u00edch th\u01b0\u1edbc: 13 x 18 cm<br \/>\nNh\u00e0 xu\u1ea5t b\u1ea3n: Nh\u00e0 Xu\u1ea5t B\u1ea3n V\u0103n H\u1ecdc<br \/>\nLo\u1ea1i b\u00eca: B\u00eca m\u1ec1m<br \/>\nS\u1ed1 trang: 182<br \/>\nSKU: 9541754160233<\/p><\/blockquote>\n<p><a href=\"https:\/\/www.tagame.org\/enews\/wp-content\/uploads\/2019\/12\/otouto-viet1.jpeg\" rel=\"lightbox[1436]\"><img loading=\"lazy\" decoding=\"async\" src=\"https:\/\/www.tagame.org\/enews\/wp-content\/uploads\/2019\/12\/otouto-viet1-450x600.jpeg\" alt=\"\" width=\"450\" height=\"600\" class=\"alignnone size-large wp-image-1468\" srcset=\"https:\/\/www.tagame.org\/enews\/wp-content\/uploads\/2019\/12\/otouto-viet1-450x600.jpeg 450w, https:\/\/www.tagame.org\/enews\/wp-content\/uploads\/2019\/12\/otouto-viet1-225x300.jpeg 225w, https:\/\/www.tagame.org\/enews\/wp-content\/uploads\/2019\/12\/otouto-viet1-768x1024.jpeg 768w, https:\/\/www.tagame.org\/enews\/wp-content\/uploads\/2019\/12\/otouto-viet1-1152x1536.jpeg 1152w, https:\/\/www.tagame.org\/enews\/wp-content\/uploads\/2019\/12\/otouto-viet1-624x832.jpeg 624w, https:\/\/www.tagame.org\/enews\/wp-content\/uploads\/2019\/12\/otouto-viet1.jpeg 1536w\" sizes=\"auto, (max-width: 450px) 100vw, 450px\" \/><\/a><br \/>\n<a href=\"https:\/\/www.tagame.org\/enews\/wp-content\/uploads\/2019\/12\/otouto-viet2.jpeg\" rel=\"lightbox[1436]\"><img loading=\"lazy\" decoding=\"async\" src=\"https:\/\/www.tagame.org\/enews\/wp-content\/uploads\/2019\/12\/otouto-viet2-450x600.jpeg\" alt=\"\" width=\"450\" height=\"600\" class=\"alignnone size-large wp-image-1469\" srcset=\"https:\/\/www.tagame.org\/enews\/wp-content\/uploads\/2019\/12\/otouto-viet2-450x600.jpeg 450w, https:\/\/www.tagame.org\/enews\/wp-content\/uploads\/2019\/12\/otouto-viet2-225x300.jpeg 225w, https:\/\/www.tagame.org\/enews\/wp-content\/uploads\/2019\/12\/otouto-viet2-768x1024.jpeg 768w, https:\/\/www.tagame.org\/enews\/wp-content\/uploads\/2019\/12\/otouto-viet2-1152x1536.jpeg 1152w, https:\/\/www.tagame.org\/enews\/wp-content\/uploads\/2019\/12\/otouto-viet2-624x832.jpeg 624w, https:\/\/www.tagame.org\/enews\/wp-content\/uploads\/2019\/12\/otouto-viet2.jpeg 1536w\" sizes=\"auto, (max-width: 450px) 100vw, 450px\" \/><\/a><br \/>\n<a href=\"https:\/\/www.tagame.org\/enews\/wp-content\/uploads\/2020\/10\/Vietnam2.jpg\" rel=\"lightbox[1436]\"><img loading=\"lazy\" decoding=\"async\" src=\"https:\/\/www.tagame.org\/enews\/wp-content\/uploads\/2020\/10\/Vietnam2-423x600.jpg\" alt=\"\" width=\"423\" height=\"600\" class=\"alignnone size-large wp-image-1713\" srcset=\"https:\/\/www.tagame.org\/enews\/wp-content\/uploads\/2020\/10\/Vietnam2-423x600.jpg 423w, https:\/\/www.tagame.org\/enews\/wp-content\/uploads\/2020\/10\/Vietnam2-211x300.jpg 211w, https:\/\/www.tagame.org\/enews\/wp-content\/uploads\/2020\/10\/Vietnam2-624x886.jpg 624w, https:\/\/www.tagame.org\/enews\/wp-content\/uploads\/2020\/10\/Vietnam2.jpg 676w\" sizes=\"auto, (max-width: 423px) 100vw, 423px\" \/><\/a><\/p>\n<p><a href=\"https:\/\/www.tagame.org\/enews\/wp-content\/uploads\/2020\/10\/Vietnam3.jpg\" rel=\"lightbox[1436]\"><img loading=\"lazy\" decoding=\"async\" src=\"https:\/\/www.tagame.org\/enews\/wp-content\/uploads\/2020\/10\/Vietnam3-425x600.jpg\" alt=\"\" width=\"425\" height=\"600\" class=\"alignnone size-large wp-image-1714\" srcset=\"https:\/\/www.tagame.org\/enews\/wp-content\/uploads\/2020\/10\/Vietnam3-425x600.jpg 425w, https:\/\/www.tagame.org\/enews\/wp-content\/uploads\/2020\/10\/Vietnam3-213x300.jpg 213w, https:\/\/www.tagame.org\/enews\/wp-content\/uploads\/2020\/10\/Vietnam3-624x881.jpg 624w, https:\/\/www.tagame.org\/enews\/wp-content\/uploads\/2020\/10\/Vietnam3.jpg 680w\" sizes=\"auto, (max-width: 425px) 100vw, 425px\" \/><\/a><\/p>\n<p><a href=\"https:\/\/www.tagame.org\/enews\/wp-content\/uploads\/2020\/10\/Vietnam4.jpg\" rel=\"lightbox[1436]\"><img loading=\"lazy\" decoding=\"async\" src=\"https:\/\/www.tagame.org\/enews\/wp-content\/uploads\/2020\/10\/Vietnam4-424x600.jpg\" alt=\"\" width=\"424\" height=\"600\" class=\"alignnone size-large wp-image-1715\" srcset=\"https:\/\/www.tagame.org\/enews\/wp-content\/uploads\/2020\/10\/Vietnam4-424x600.jpg 424w, https:\/\/www.tagame.org\/enews\/wp-content\/uploads\/2020\/10\/Vietnam4-212x300.jpg 212w, https:\/\/www.tagame.org\/enews\/wp-content\/uploads\/2020\/10\/Vietnam4-768x1086.jpg 768w, https:\/\/www.tagame.org\/enews\/wp-content\/uploads\/2020\/10\/Vietnam4-624x882.jpg 624w, https:\/\/www.tagame.org\/enews\/wp-content\/uploads\/2020\/10\/Vietnam4.jpg 800w\" sizes=\"auto, (max-width: 424px) 100vw, 424px\" \/><\/a><\/p>\n","protected":false},"excerpt":{"rendered":"<p>Ch\u1ed3ng C\u1ee7a Em T\u00f4i Vietnamese translated Ch\u1ed3ng C\u1ee7a Em T\u00f4i T\u1eadp 1 C\u00f4ng ty ph\u00e1t h\u00e0nh: SkyComics T\u00e1c gi\u1ea3: Gengoroh T [&hellip;]<\/p>\n","protected":false},"author":1,"featured_media":0,"parent":1434,"menu_order":0,"comment_status":"closed","ping_status":"closed","template":"","meta":{"footnotes":""},"class_list":["post-1436","page","type-page","status-publish","hentry"],"aioseo_notices":[],"_links":{"self":[{"href":"https:\/\/www.tagame.org\/enews\/wp-json\/wp\/v2\/pages\/1436","targetHints":{"allow":["GET"]}}],"collection":[{"href":"https:\/\/www.tagame.org\/enews\/wp-json\/wp\/v2\/pages"}],"about":[{"href":"https:\/\/www.tagame.org\/enews\/wp-json\/wp\/v2\/types\/page"}],"author":[{"embeddable":true,"href":"https:\/\/www.tagame.org\/enews\/wp-json\/wp\/v2\/users\/1"}],"replies":[{"embeddable":true,"href":"https:\/\/www.tagame.org\/enews\/wp-json\/wp\/v2\/comments?post=1436"}],"version-history":[{"count":4,"href":"https:\/\/www.tagame.org\/enews\/wp-json\/wp\/v2\/pages\/1436\/revisions"}],"predecessor-version":[{"id":1716,"href":"https:\/\/www.tagame.org\/enews\/wp-json\/wp\/v2\/pages\/1436\/revisions\/1716"}],"up":[{"embeddable":true,"href":"https:\/\/www.tagame.org\/enews\/wp-json\/wp\/v2\/pages\/1434"}],"wp:attachment":[{"href":"https:\/\/www.tagame.org\/enews\/wp-json\/wp\/v2\/media?parent=1436"}],"curies":[{"name":"wp","href":"https:\/\/api.w.org\/{rel}","templated":true}]}}